{"id":3248,"date":"2021-03-30T15:24:05","date_gmt":"2021-03-30T13:24:05","guid":{"rendered":"https:\/\/www.romagnasuitehotel.it\/vacanze-sicure\/"},"modified":"2022-08-22T15:17:52","modified_gmt":"2022-08-22T13:17:52","slug":"vacances-sures","status":"publish","type":"page","link":"https:\/\/www.romagnasuitehotel.it\/fr\/vacances-sures\/","title":{"rendered":"VACANCES EN S\u00c9CURIT\u00c9"},"content":{"rendered":"<p>Notre objectif est la securit\u00e8 et le bien-etre de nos clients et collaborateurs.<br \/>\nPour cette raison on a adopt\u00e8 le <strong>protocole qui suive en ligne avec les disposition de l\u2019OMS,<\/strong> pour sauvegarder la tranquillit\u00e8 et le bien-etre de tous!<\/p>\n<p>Nous veillerons \u00e0 ce que la <strong>distance interpersonnelle<\/strong> soit respect\u00e9e lors des proc\u00e9dures d&rsquo;enregistrement et de d\u00e9part.<br \/>\nA la <strong>reception,<\/strong> il y aura toujour disponible le Termoscanner pour le control de la temperature et aussi les dispositif de protection individuelle.<br \/>\nLes <strong>espace communes<\/strong> seront desenfect\u00e8e plus fois par jour et des despencer de gel seront disponibles dans plusieur endroit.<br \/>\nLes nettoyages des <strong>chambres<\/strong>, seront intensifi\u00e9 avec des produits certifi\u00e9e. Majeur attention pour les objects touch\u00e9e plus souvents (t\u00e9l\u00e9commande, poign\u00e9es, etc..) sourtout la climatisation.<\/p>\n<p>Avec tout la tranquillit\u00e9 Vous pourrez gouter notre exquis <strong>petit-dejeuner dans notre Breakfast-Room:<\/strong><\/p>\n<ul>\n<li>Les tables sont dispos\u00e9es avec la distance selon les normatifs nationales et r\u00e9gionals.<\/li>\n<li>Au buffet vous trouverez des barriere, et il y aura toujour un des nos serveur qui Vous servir\u00e0 le repas.<\/li>\n<\/ul>\n<p>La <strong>plage<\/strong> est organis\u00e9 de faison de garantir et assurer la distance entre les parasols.<br \/>\nNotre <strong>Equipe<\/strong> aura toujour les dispositifs de protection pendant les oraires de travail.<br \/>\nAvec la collaboration des service de sant\u00e8 locaux, on a mis en acte un <strong>protocol a suivre en cas d\u2019urgence pour des cas suspects.<\/strong><\/p>\n<p><em>Nous ferons tout le necessaire pour que tous nos clients puissent passer des vacances en toute s\u00e9curit\u00e9.<\/em><\/p>\n","protected":false},"excerpt":{"rendered":"<p>Notre objectif est la securit\u00e8 et le bien-etre de nos clients et collaborateurs. Pour cette raison on a adopt\u00e8 le protocole qui suive en ligne avec les disposition de l\u2019OMS, pour sauvegarder la tranquillit\u00e8 et le bien-etre de tous! Nous veillerons \u00e0 ce que la distance interpersonnelle soit respect\u00e9e lors des proc\u00e9dures d&rsquo;enregistrement et de d\u00e9part. A la reception, il y aura toujour disponible le Termoscanner pour le control de &#8230;<\/p>\n","protected":false},"author":1,"featured_media":0,"parent":0,"menu_order":0,"comment_status":"closed","ping_status":"closed","template":"","meta":{"_acf_changed":false},"class_list":["post-3248","page","type-page","status-publish","hentry"],"acf":[],"_links":{"self":[{"href":"https:\/\/www.romagnasuitehotel.it\/fr\/wp-json\/wp\/v2\/pages\/3248","targetHints":{"allow":["GET"]}}],"collection":[{"href":"https:\/\/www.romagnasuitehotel.it\/fr\/wp-json\/wp\/v2\/pages"}],"about":[{"href":"https:\/\/www.romagnasuitehotel.it\/fr\/wp-json\/wp\/v2\/types\/page"}],"author":[{"embeddable":true,"href":"https:\/\/www.romagnasuitehotel.it\/fr\/wp-json\/wp\/v2\/users\/1"}],"replies":[{"embeddable":true,"href":"https:\/\/www.romagnasuitehotel.it\/fr\/wp-json\/wp\/v2\/comments?post=3248"}],"version-history":[{"count":0,"href":"https:\/\/www.romagnasuitehotel.it\/fr\/wp-json\/wp\/v2\/pages\/3248\/revisions"}],"wp:attachment":[{"href":"https:\/\/www.romagnasuitehotel.it\/fr\/wp-json\/wp\/v2\/media?parent=3248"}],"curies":[{"name":"wp","href":"https:\/\/api.w.org\/{rel}","templated":true}]}}