{"id":3192,"date":"2017-09-08T11:53:45","date_gmt":"2017-09-08T09:53:45","guid":{"rendered":"https:\/\/www.romagnasuitehotel.it\/dove-siamo\/"},"modified":"2023-04-20T16:28:58","modified_gmt":"2023-04-20T14:28:58","slug":"localisation","status":"publish","type":"page","link":"https:\/\/www.romagnasuitehotel.it\/fr\/localisation\/","title":{"rendered":"RELAX, DOLCE VITA ET DIVERTISSEMENT NO-STOP"},"content":{"rendered":"<p>Pourquoi choisir entre shopping, bains de soleil et loisirs quand on peut tout avoir ?<br \/>\nLe Romagna Suite Hotel vous permet de go\u00fbter \u00e0 tous les plaisirs pour des vacances uniques. En deux pas vous \u00eates allong\u00e9 au soleil sur le sable dor\u00e9, quelques pas plus loin vous vous adonnez au shopping, et quelques pas encore vous profitez de l\u2019animation du front de mer.<br \/>\nLa Dolce vita est la plus grande pr\u00e9rogative du Romagna Suite Hotel, quel que soit votre type de vacances id\u00e9al. Vivez vos vacances en toute libert\u00e9 : ici, tout est \u00e0 port\u00e9e de pieds ou de Citybike !<br \/>\nVous souhaitez vous d\u00e9placer en voiture ? Gatteo Mare se trouve \u00e0 environ 4 km de Cesenatico, la destination la plus glamour de la Riviera Adriatique, et \u00e0 19 km de Rimini, une perle historique et culturelle pr\u00e9cieuse.<\/p>\n<p>Parsem\u00e9 de villages pittoresques, l\u2019arri\u00e8re-pays est splendide et m\u00e9rite d&rsquo;\u00eatre sillonn\u00e9 en long et en large.<\/p>\n<p>Pr\u00eats pour vivre l&rsquo;exp\u00e9rience de la Romagne ?<\/p>\n<p>&nbsp;<\/p>\n<p><img loading=\"lazy\" decoding=\"async\" class=\"alignnone size-full wp-image-3292\" src=\"https:\/\/www.romagnasuitehotel.it\/wp-content\/uploads\/2021\/05\/mappa-statica-fra.jpg\" alt=\"\" width=\"1270\" height=\"425\" data-big-size=\"1270x425\" srcset=\"https:\/\/www.romagnasuitehotel.it\/wp-content\/uploads\/2021\/05\/mappa-statica-fra.jpg 1270w, https:\/\/www.romagnasuitehotel.it\/wp-content\/uploads\/2021\/05\/mappa-statica-fra-768x257.jpg 768w, https:\/\/www.romagnasuitehotel.it\/wp-content\/uploads\/2021\/05\/mappa-statica-fra-57x19.jpg 57w, https:\/\/www.romagnasuitehotel.it\/wp-content\/uploads\/2021\/05\/mappa-statica-fra-72x24.jpg 72w, https:\/\/www.romagnasuitehotel.it\/wp-content\/uploads\/2021\/05\/mappa-statica-fra-114x38.jpg 114w, https:\/\/www.romagnasuitehotel.it\/wp-content\/uploads\/2021\/05\/mappa-statica-fra-144x48.jpg 144w\" sizes=\"auto, (max-width: 1270px) 100vw, 1270px\" \/><\/p>\n","protected":false},"excerpt":{"rendered":"<p>Pourquoi choisir entre shopping, bains de soleil et loisirs quand on peut tout avoir ? Le Romagna Suite Hotel vous permet de go\u00fbter \u00e0 tous les plaisirs pour des vacances uniques. En deux pas vous \u00eates allong\u00e9 au soleil sur le sable dor\u00e9, quelques pas plus loin vous vous adonnez au shopping, et quelques pas encore vous profitez de l\u2019animation du front de mer. La Dolce vita est la plus &#8230;<\/p>\n","protected":false},"author":1,"featured_media":2456,"parent":0,"menu_order":0,"comment_status":"closed","ping_status":"closed","template":"","meta":{"_acf_changed":false},"class_list":["post-3192","page","type-page","status-publish","has-post-thumbnail","hentry"],"acf":[],"_links":{"self":[{"href":"https:\/\/www.romagnasuitehotel.it\/fr\/wp-json\/wp\/v2\/pages\/3192","targetHints":{"allow":["GET"]}}],"collection":[{"href":"https:\/\/www.romagnasuitehotel.it\/fr\/wp-json\/wp\/v2\/pages"}],"about":[{"href":"https:\/\/www.romagnasuitehotel.it\/fr\/wp-json\/wp\/v2\/types\/page"}],"author":[{"embeddable":true,"href":"https:\/\/www.romagnasuitehotel.it\/fr\/wp-json\/wp\/v2\/users\/1"}],"replies":[{"embeddable":true,"href":"https:\/\/www.romagnasuitehotel.it\/fr\/wp-json\/wp\/v2\/comments?post=3192"}],"version-history":[{"count":0,"href":"https:\/\/www.romagnasuitehotel.it\/fr\/wp-json\/wp\/v2\/pages\/3192\/revisions"}],"wp:featuredmedia":[{"embeddable":true,"href":"https:\/\/www.romagnasuitehotel.it\/fr\/wp-json\/wp\/v2\/media\/2456"}],"wp:attachment":[{"href":"https:\/\/www.romagnasuitehotel.it\/fr\/wp-json\/wp\/v2\/media?parent=3192"}],"curies":[{"name":"wp","href":"https:\/\/api.w.org\/{rel}","templated":true}]}}