{"id":3186,"date":"2020-03-30T18:30:03","date_gmt":"2020-03-30T16:30:03","guid":{"rendered":"https:\/\/www.romagnasuitehotel.it\/gatteo-mare-e-dintorni\/"},"modified":"2022-08-22T15:05:59","modified_gmt":"2022-08-22T13:05:59","slug":"gatteo-mare-et-alentours","status":"publish","type":"page","link":"https:\/\/www.romagnasuitehotel.it\/fr\/gatteo-mare-et-alentours\/","title":{"rendered":"GATTEO MARE ET ALENTOURS"},"content":{"rendered":"<p>Situ\u00e9 \u00e0 quelques kilom\u00e8tres seulement de Cesenatico et Rimini, Gatteo Mare vous permet de d\u00e9couvrir toutes les nuances de la Riviera Adriatique en toute simplicit\u00e9. Avec la plage toute proche, vacances sportives et s\u00e9jour Bien-\u00eatre garantis sans prises de t\u00eate. Voici quelques suggestions pour profiter pleinement de la Romagne.<\/p>\n<h3>Les Parcs d\u2019attractions<\/h3>\n<p>Pour passer une journ\u00e9e de folie pendant vos vacances en famille, laissez-vous tenter par les parcs \u00e0 th\u00e8me.<br \/>\nOltremare et Aquafan \u00e0 Riccione ont l&rsquo;eau comme caract\u00e9ristique principale. Le premier est le paradis des dauphins avec spectacles et animations, le second est un grand parc aquatique avec toboggans et piscines.<br \/>\nL&rsquo;Aquarium de Cattolica est d\u00e9di\u00e9 aux habitants du monde marin et aux cr\u00e9atures des profondeurs oc\u00e9aniques, avec des parcours \u00e9ducatifs vraiment insolites.<br \/>\nFiabilandia \u00e0 Rimini est d\u00e9di\u00e9 aux petits et \u00e0 la magie des contes de f\u00e9es.<br \/>\nItalia in Miniatura propose toutes les merveilles de l\u2019Italie \u00e0 une \u00e9chelle r\u00e9duite pour un incroyable voyage \u00e0 la d\u00e9couverte de notre Bel Paese.<br \/>\nEnfin, \u00e0 Lido di Savio, Mirabilandia est le plus grand parc d\u2019attractions de la r\u00e9gion : pour tous les go\u00fbts et adr\u00e9naline garantie.<\/p>\n<div id='gallery-1' class='gallery galleryid-3186 gallery-columns-3 gallery-size-gallery-thumb'><figure class='gallery-item'>\n\t\t\t<div class='gallery-icon landscape'>\n\t\t\t\t<a href='https:\/\/www.romagnasuitehotel.it\/wp-content\/uploads\/2020\/03\/parchi.jpg' data-size=\"900x600\"><img loading=\"lazy\" decoding=\"async\" width=\"450\" height=\"450\" src=\"https:\/\/www.romagnasuitehotel.it\/wp-content\/uploads\/2020\/03\/parchi-450x450.jpg\" class=\"attachment-gallery-thumb size-gallery-thumb\" alt=\"\" srcset=\"https:\/\/www.romagnasuitehotel.it\/wp-content\/uploads\/2020\/03\/parchi-450x450.jpg 450w, https:\/\/www.romagnasuitehotel.it\/wp-content\/uploads\/2020\/03\/parchi-150x150.jpg 150w, https:\/\/www.romagnasuitehotel.it\/wp-content\/uploads\/2020\/03\/parchi-300x300.jpg 300w, https:\/\/www.romagnasuitehotel.it\/wp-content\/uploads\/2020\/03\/parchi-290x290.jpg 290w, https:\/\/www.romagnasuitehotel.it\/wp-content\/uploads\/2020\/03\/parchi-600x600.jpg 600w\" sizes=\"auto, (max-width: 450px) 100vw, 450px\" \/><\/a>\n\t\t\t<\/div><\/figure><figure class='gallery-item'>\n\t\t\t<div class='gallery-icon landscape'>\n\t\t\t\t<a href='https:\/\/www.romagnasuitehotel.it\/wp-content\/uploads\/2020\/03\/italiainminiatura.jpg' data-size=\"900x600\"><img loading=\"lazy\" decoding=\"async\" width=\"450\" height=\"450\" src=\"https:\/\/www.romagnasuitehotel.it\/wp-content\/uploads\/2020\/03\/italiainminiatura-450x450.jpg\" class=\"attachment-gallery-thumb size-gallery-thumb\" alt=\"\" srcset=\"https:\/\/www.romagnasuitehotel.it\/wp-content\/uploads\/2020\/03\/italiainminiatura-450x450.jpg 450w, https:\/\/www.romagnasuitehotel.it\/wp-content\/uploads\/2020\/03\/italiainminiatura-150x150.jpg 150w, https:\/\/www.romagnasuitehotel.it\/wp-content\/uploads\/2020\/03\/italiainminiatura-300x300.jpg 300w, https:\/\/www.romagnasuitehotel.it\/wp-content\/uploads\/2020\/03\/italiainminiatura-290x290.jpg 290w, https:\/\/www.romagnasuitehotel.it\/wp-content\/uploads\/2020\/03\/italiainminiatura-600x600.jpg 600w\" sizes=\"auto, (max-width: 450px) 100vw, 450px\" \/><\/a>\n\t\t\t<\/div><\/figure><figure class='gallery-item'>\n\t\t\t<div class='gallery-icon landscape'>\n\t\t\t\t<a href='https:\/\/www.romagnasuitehotel.it\/wp-content\/uploads\/2020\/03\/parchi2.jpg' data-size=\"1000x664\"><img loading=\"lazy\" decoding=\"async\" width=\"450\" height=\"450\" src=\"https:\/\/www.romagnasuitehotel.it\/wp-content\/uploads\/2020\/03\/parchi2-450x450.jpg\" class=\"attachment-gallery-thumb size-gallery-thumb\" alt=\"\" srcset=\"https:\/\/www.romagnasuitehotel.it\/wp-content\/uploads\/2020\/03\/parchi2-450x450.jpg 450w, https:\/\/www.romagnasuitehotel.it\/wp-content\/uploads\/2020\/03\/parchi2-150x150.jpg 150w, https:\/\/www.romagnasuitehotel.it\/wp-content\/uploads\/2020\/03\/parchi2-300x300.jpg 300w, https:\/\/www.romagnasuitehotel.it\/wp-content\/uploads\/2020\/03\/parchi2-290x290.jpg 290w, https:\/\/www.romagnasuitehotel.it\/wp-content\/uploads\/2020\/03\/parchi2-600x600.jpg 600w\" sizes=\"auto, (max-width: 450px) 100vw, 450px\" \/><\/a>\n\t\t\t<\/div><\/figure>\n\t\t<\/div>\n\n<h3>L\u2019arri\u00e8re-pays<\/h3>\n<p>Les villages historiques. la v\u00e9ritable excellence de la Romagne La Romagne est jalonn\u00e9e de nombreux villages rest\u00e9s intacts avec le temps et chacun a ses propres l\u00e9gendes \u00e0 raconter.<br \/>\nRavenne, ville d&rsquo;art, est une perle pr\u00e9cieuse de l&rsquo;\u00e9poque romane et byzantine. Avec des sites arch\u00e9ologiques de grande valeur comme le Mausol\u00e9e de Th\u00e9odoric et la Basilique de Sant&rsquo;Apollinare.<br \/>\nBertinoro est un village m\u00e9di\u00e9val jadis domin\u00e9 par la Seigneurie des Malatesta jusqu&rsquo;\u00e0 ce qu&rsquo;il devienne la propri\u00e9t\u00e9 de l&rsquo;\u00c9glise papale. On l&rsquo;appelle le \u00ab\u00a0balcon de la Romagne\u00a0\u00bb pour la vue splendide qu&rsquo;il offre depuis sa place principale. Santarcangelo di Romagna, ville natale du po\u00e8te Tonino Guerra, est un vaste bourg qui a conserv\u00e9 le rythme et la vie sociale typiques des villages, avec ses nobles demeures et ses ruelles caract\u00e9ristiques.<\/p>\n<p>Saint-Marin, village m\u00e9di\u00e9val aux murs cr\u00e9nel\u00e9s, perch\u00e9 au sommet du mont Titano, est une mini cit\u00e9-\u00c9tat autonome et la plus ancienne R\u00e9publique au monde.<\/p>\n<p>Et n\u2019oublions pas la belle Rimini ! Toute en nuances, \u00e0 l\u2019image de la Romagne : l&rsquo;arc d&rsquo;Auguste et le pont de Tib\u00e8re t\u00e9moignent de sa splendeur romaine, le temple Malatesta et la forteresse des p\u00e9riodes Moyen \u00c2ge et Renaissance et enfin le village de San Giuliano avec ses murs peints ne peut qu\u2019\u00e9voquer le souvenir du grand Federico Fellini.<\/p>\n<p>&nbsp;<\/p>\n<div id='gallery-2' class='gallery galleryid-3186 gallery-columns-3 gallery-size-gallery-thumb'><figure class='gallery-item'>\n\t\t\t<div class='gallery-icon landscape'>\n\t\t\t\t<a href='https:\/\/www.romagnasuitehotel.it\/wp-content\/uploads\/2020\/03\/sanmarino.jpg' data-size=\"1152x654\"><img loading=\"lazy\" decoding=\"async\" width=\"450\" height=\"450\" src=\"https:\/\/www.romagnasuitehotel.it\/wp-content\/uploads\/2020\/03\/sanmarino-450x450.jpg\" class=\"attachment-gallery-thumb size-gallery-thumb\" alt=\"\" srcset=\"https:\/\/www.romagnasuitehotel.it\/wp-content\/uploads\/2020\/03\/sanmarino-450x450.jpg 450w, https:\/\/www.romagnasuitehotel.it\/wp-content\/uploads\/2020\/03\/sanmarino-150x150.jpg 150w, https:\/\/www.romagnasuitehotel.it\/wp-content\/uploads\/2020\/03\/sanmarino-300x300.jpg 300w, https:\/\/www.romagnasuitehotel.it\/wp-content\/uploads\/2020\/03\/sanmarino-290x290.jpg 290w, https:\/\/www.romagnasuitehotel.it\/wp-content\/uploads\/2020\/03\/sanmarino-600x600.jpg 600w\" sizes=\"auto, (max-width: 450px) 100vw, 450px\" \/><\/a>\n\t\t\t<\/div><\/figure><figure class='gallery-item'>\n\t\t\t<div class='gallery-icon landscape'>\n\t\t\t\t<a href='https:\/\/www.romagnasuitehotel.it\/wp-content\/uploads\/2020\/03\/santarcangelo.jpg' data-size=\"1022x682\"><img loading=\"lazy\" decoding=\"async\" width=\"450\" height=\"450\" src=\"https:\/\/www.romagnasuitehotel.it\/wp-content\/uploads\/2020\/03\/santarcangelo-450x450.jpg\" class=\"attachment-gallery-thumb size-gallery-thumb\" alt=\"\" srcset=\"https:\/\/www.romagnasuitehotel.it\/wp-content\/uploads\/2020\/03\/santarcangelo-450x450.jpg 450w, https:\/\/www.romagnasuitehotel.it\/wp-content\/uploads\/2020\/03\/santarcangelo-150x150.jpg 150w, https:\/\/www.romagnasuitehotel.it\/wp-content\/uploads\/2020\/03\/santarcangelo-300x300.jpg 300w, https:\/\/www.romagnasuitehotel.it\/wp-content\/uploads\/2020\/03\/santarcangelo-290x290.jpg 290w, https:\/\/www.romagnasuitehotel.it\/wp-content\/uploads\/2020\/03\/santarcangelo-600x600.jpg 600w\" sizes=\"auto, (max-width: 450px) 100vw, 450px\" \/><\/a>\n\t\t\t<\/div><\/figure><figure class='gallery-item'>\n\t\t\t<div class='gallery-icon landscape'>\n\t\t\t\t<a href='https:\/\/www.romagnasuitehotel.it\/wp-content\/uploads\/2020\/03\/gradara.jpg' data-size=\"1000x667\"><img loading=\"lazy\" decoding=\"async\" width=\"450\" height=\"450\" src=\"https:\/\/www.romagnasuitehotel.it\/wp-content\/uploads\/2020\/03\/gradara-450x450.jpg\" class=\"attachment-gallery-thumb size-gallery-thumb\" alt=\"\" srcset=\"https:\/\/www.romagnasuitehotel.it\/wp-content\/uploads\/2020\/03\/gradara-450x450.jpg 450w, https:\/\/www.romagnasuitehotel.it\/wp-content\/uploads\/2020\/03\/gradara-150x150.jpg 150w, https:\/\/www.romagnasuitehotel.it\/wp-content\/uploads\/2020\/03\/gradara-300x300.jpg 300w, https:\/\/www.romagnasuitehotel.it\/wp-content\/uploads\/2020\/03\/gradara-290x290.jpg 290w, https:\/\/www.romagnasuitehotel.it\/wp-content\/uploads\/2020\/03\/gradara-600x600.jpg 600w\" sizes=\"auto, (max-width: 450px) 100vw, 450px\" \/><\/a>\n\t\t\t<\/div><\/figure>\n\t\t<\/div>\n\n","protected":false},"excerpt":{"rendered":"<p>Situ\u00e9 \u00e0 quelques kilom\u00e8tres seulement de Cesenatico et Rimini, Gatteo Mare vous permet de d\u00e9couvrir toutes les nuances de la Riviera Adriatique en toute simplicit\u00e9. Avec la plage toute proche, vacances sportives et s\u00e9jour Bien-\u00eatre garantis sans prises de t\u00eate. Voici quelques suggestions pour profiter pleinement de la Romagne. Les Parcs d\u2019attractions Pour passer une journ\u00e9e de folie pendant vos vacances en famille, laissez-vous tenter par les parcs \u00e0 th\u00e8me. &#8230;<\/p>\n","protected":false},"author":1,"featured_media":0,"parent":0,"menu_order":0,"comment_status":"closed","ping_status":"closed","template":"","meta":{"_acf_changed":false},"class_list":["post-3186","page","type-page","status-publish","hentry"],"acf":[],"_links":{"self":[{"href":"https:\/\/www.romagnasuitehotel.it\/fr\/wp-json\/wp\/v2\/pages\/3186","targetHints":{"allow":["GET"]}}],"collection":[{"href":"https:\/\/www.romagnasuitehotel.it\/fr\/wp-json\/wp\/v2\/pages"}],"about":[{"href":"https:\/\/www.romagnasuitehotel.it\/fr\/wp-json\/wp\/v2\/types\/page"}],"author":[{"embeddable":true,"href":"https:\/\/www.romagnasuitehotel.it\/fr\/wp-json\/wp\/v2\/users\/1"}],"replies":[{"embeddable":true,"href":"https:\/\/www.romagnasuitehotel.it\/fr\/wp-json\/wp\/v2\/comments?post=3186"}],"version-history":[{"count":0,"href":"https:\/\/www.romagnasuitehotel.it\/fr\/wp-json\/wp\/v2\/pages\/3186\/revisions"}],"wp:attachment":[{"href":"https:\/\/www.romagnasuitehotel.it\/fr\/wp-json\/wp\/v2\/media?parent=3186"}],"curies":[{"name":"wp","href":"https:\/\/api.w.org\/{rel}","templated":true}]}}