{"id":3157,"date":"2020-04-15T11:43:42","date_gmt":"2020-04-15T09:43:42","guid":{"rendered":"https:\/\/www.romagnasuitehotel.it\/soggiorni-di-lavoro\/"},"modified":"2026-02-18T10:59:09","modified_gmt":"2026-02-18T09:59:09","slug":"sejours-business","status":"publish","type":"page","link":"https:\/\/www.romagnasuitehotel.it\/fr\/sejours-business\/","title":{"rendered":"S\u00c9JOURS BUSINESS"},"content":{"rendered":"<p data-start=\"237\" data-end=\"517\">\u00c0 quelques minutes du parc des expositions de Rimini et \u00e0 deux pas de la mer, nous proposons des tarifs d\u00e9di\u00e9s aux entreprises et aux professionnels ind\u00e9pendants, en garantissant confort, s\u00e9curit\u00e9 et tous les services n\u00e9cessaires pour travailler efficacement, m\u00eame loin du bureau.<\/p>\n<p data-start=\"519\" data-end=\"803\">Nos chambres modernes, \u00e9quip\u00e9es de domotique, offrent un environnement calme et fonctionnel. La connexion Wi-Fi haut d\u00e9bit par fibre optique assure des sessions de t\u00e9l\u00e9travail sans interruption, tandis que le Romagna Lounge Bar est l\u2019endroit id\u00e9al pour se d\u00e9tendre pendant les pauses.<\/p>\n<h3 data-start=\"805\" data-end=\"851\">Services d\u00e9di\u00e9s aux voyageurs d\u2019affaires :<\/h3>\n<ul data-start=\"853\" data-end=\"1226\">\n<li data-start=\"853\" data-end=\"905\">\n<p data-start=\"855\" data-end=\"905\">Chambres modernes et confortables avec domotique<\/p>\n<\/li>\n<li data-start=\"906\" data-end=\"967\">\n<p data-start=\"908\" data-end=\"967\">Romagna Lounge Bar, avec cocktails, bi\u00e8res et vins locaux<\/p>\n<\/li>\n<li data-start=\"968\" data-end=\"996\">\n<p data-start=\"970\" data-end=\"996\">Wi-Fi haut d\u00e9bit gratuit<\/p>\n<\/li>\n<li data-start=\"997\" data-end=\"1049\">\n<p data-start=\"999\" data-end=\"1049\">City bikes gratuites pour se d\u00e9placer facilement<\/p>\n<\/li>\n<li data-start=\"1050\" data-end=\"1226\">\n<p data-start=\"1052\" data-end=\"1226\">Parking priv\u00e9 cl\u00f4tur\u00e9 et vid\u00e9osurveill\u00e9, \u00e9quip\u00e9 d\u2019une borne de recharge Wallbox pour voitures \u00e9lectriques ; possibilit\u00e9 alternative de stationnement \u00e0 200 m\u00e8tres de l\u2019h\u00f4tel<\/p>\n<\/li>\n<\/ul>\n","protected":false},"excerpt":{"rendered":"<p>\u00c0 quelques minutes du parc des expositions de Rimini et \u00e0 deux pas de la mer, nous proposons des tarifs d\u00e9di\u00e9s aux entreprises et aux professionnels ind\u00e9pendants, en garantissant confort, s\u00e9curit\u00e9 et tous les services n\u00e9cessaires pour travailler efficacement, m\u00eame loin du bureau. Nos chambres modernes, \u00e9quip\u00e9es de domotique, offrent un environnement calme et fonctionnel. La connexion Wi-Fi haut d\u00e9bit par fibre optique assure des sessions de t\u00e9l\u00e9travail sans interruption, &#8230;<\/p>\n","protected":false},"author":1,"featured_media":0,"parent":0,"menu_order":0,"comment_status":"closed","ping_status":"closed","template":"","meta":{"_acf_changed":false},"class_list":["post-3157","page","type-page","status-publish","hentry"],"acf":[],"_links":{"self":[{"href":"https:\/\/www.romagnasuitehotel.it\/fr\/wp-json\/wp\/v2\/pages\/3157","targetHints":{"allow":["GET"]}}],"collection":[{"href":"https:\/\/www.romagnasuitehotel.it\/fr\/wp-json\/wp\/v2\/pages"}],"about":[{"href":"https:\/\/www.romagnasuitehotel.it\/fr\/wp-json\/wp\/v2\/types\/page"}],"author":[{"embeddable":true,"href":"https:\/\/www.romagnasuitehotel.it\/fr\/wp-json\/wp\/v2\/users\/1"}],"replies":[{"embeddable":true,"href":"https:\/\/www.romagnasuitehotel.it\/fr\/wp-json\/wp\/v2\/comments?post=3157"}],"version-history":[{"count":0,"href":"https:\/\/www.romagnasuitehotel.it\/fr\/wp-json\/wp\/v2\/pages\/3157\/revisions"}],"wp:attachment":[{"href":"https:\/\/www.romagnasuitehotel.it\/fr\/wp-json\/wp\/v2\/media?parent=3157"}],"curies":[{"name":"wp","href":"https:\/\/api.w.org\/{rel}","templated":true}]}}