{"id":3129,"date":"2019-09-30T14:12:31","date_gmt":"2019-09-30T12:12:31","guid":{"rendered":"https:\/\/www.romagnasuitehotel.it\/la-colazione\/"},"modified":"2026-02-18T11:15:08","modified_gmt":"2026-02-18T10:15:08","slug":"restaurant","status":"publish","type":"page","link":"https:\/\/www.romagnasuitehotel.it\/fr\/restaurant\/","title":{"rendered":"NOTRE RESTAURANT"},"content":{"rendered":"<p data-start=\"1367\" data-end=\"1602\">Au Romagna Suite Hotel, la journ\u00e9e commence par un <strong>petit-d\u00e9jeuner<\/strong> soign\u00e9 et gourmand, servi <strong>de 7h30 \u00e0 10h00<\/strong>, \u00e0 savourer tranquillement dans notre salle de restaurant lumineuse. Nous proposons un large choix d\u2019options sucr\u00e9es et sal\u00e9es.<\/p>\n<p data-start=\"1604\" data-end=\"1756\">Le parcours se poursuit au <strong>d\u00e9jeuner<\/strong>, <strong>de 12h00 \u00e0 14h00<\/strong>, avec des plats savoureux et authentiques, parfaits pour une pause d\u00e9tente au cours de la journ\u00e9e.<\/p>\n<p data-start=\"1758\" data-end=\"1927\">Le <strong>d\u00eener<\/strong>, <strong>de 19h00 \u00e0 21h00<\/strong>, conclut la journ\u00e9e avec des saveurs raffin\u00e9es et des plats inspir\u00e9s de la tradition, pens\u00e9s pour faire de chaque soir\u00e9e un moment de plaisir.<\/p>\n<p data-start=\"1929\" data-end=\"2080\">Petit-d\u00e9jeuner, d\u00e9jeuner et d\u00eener accompagnent votre s\u00e9jour dans <strong>une formule en pension compl\u00e8te<\/strong>, o\u00f9 la cuisine devient partie int\u00e9grante des vacances.<\/p>\n<p data-start=\"2082\" data-end=\"2319\">Au Romagna Suite Hotel, chaque repas est un moment \u00e0 vivre et la cuisine est au c\u0153ur de votre s\u00e9jour. Des ingr\u00e9dients tr\u00e8s frais et de qualit\u00e9 sup\u00e9rieure, une attention aux d\u00e9tails et des pr\u00e9parations soign\u00e9es rendent chaque plat unique.<\/p>\n<p data-start=\"2321\" data-end=\"2532\">Du d\u00e9jeuner au d\u00eener, en passant par les propositions du petit-d\u00e9jeuner, chaque plat est con\u00e7u pour sublimer les saveurs, respecter la saisonnalit\u00e9 et offrir \u00e0 nos h\u00f4tes une exp\u00e9rience gastronomique inoubliable.<\/p>\n<p data-start=\"2534\" data-end=\"2717\">\n","protected":false},"excerpt":{"rendered":"<p>Au Romagna Suite Hotel, la journ\u00e9e commence par un petit-d\u00e9jeuner soign\u00e9 et gourmand, servi de 7h30 \u00e0 10h00, \u00e0 savourer tranquillement dans notre salle de restaurant lumineuse. Nous proposons un large choix d\u2019options sucr\u00e9es et sal\u00e9es. Le parcours se poursuit au d\u00e9jeuner, de 12h00 \u00e0 14h00, avec des plats savoureux et authentiques, parfaits pour une pause d\u00e9tente au cours de la journ\u00e9e. Le d\u00eener, de 19h00 \u00e0 21h00, conclut la &#8230;<\/p>\n","protected":false},"author":1,"featured_media":2460,"parent":0,"menu_order":0,"comment_status":"closed","ping_status":"closed","template":"","meta":{"_acf_changed":false},"class_list":["post-3129","page","type-page","status-publish","has-post-thumbnail","hentry"],"acf":[],"_links":{"self":[{"href":"https:\/\/www.romagnasuitehotel.it\/fr\/wp-json\/wp\/v2\/pages\/3129","targetHints":{"allow":["GET"]}}],"collection":[{"href":"https:\/\/www.romagnasuitehotel.it\/fr\/wp-json\/wp\/v2\/pages"}],"about":[{"href":"https:\/\/www.romagnasuitehotel.it\/fr\/wp-json\/wp\/v2\/types\/page"}],"author":[{"embeddable":true,"href":"https:\/\/www.romagnasuitehotel.it\/fr\/wp-json\/wp\/v2\/users\/1"}],"replies":[{"embeddable":true,"href":"https:\/\/www.romagnasuitehotel.it\/fr\/wp-json\/wp\/v2\/comments?post=3129"}],"version-history":[{"count":0,"href":"https:\/\/www.romagnasuitehotel.it\/fr\/wp-json\/wp\/v2\/pages\/3129\/revisions"}],"wp:featuredmedia":[{"embeddable":true,"href":"https:\/\/www.romagnasuitehotel.it\/fr\/wp-json\/wp\/v2\/media\/2460"}],"wp:attachment":[{"href":"https:\/\/www.romagnasuitehotel.it\/fr\/wp-json\/wp\/v2\/media?parent=3129"}],"curies":[{"name":"wp","href":"https:\/\/api.w.org\/{rel}","templated":true}]}}