{"id":3098,"date":"2017-12-11T10:18:14","date_gmt":"2017-12-11T09:18:14","guid":{"rendered":"https:\/\/www.romagnasuitehotel.it\/camere\/"},"modified":"2021-04-14T18:31:25","modified_gmt":"2021-04-14T16:31:25","slug":"chambres","status":"publish","type":"page","link":"https:\/\/www.romagnasuitehotel.it\/fr\/chambres\/","title":{"rendered":"CHAMBRES NEUVES"},"content":{"rendered":"<p>Toutes les chambres du Romagna Suite Hotel offrent un d\u00e9cor raffin\u00e9 et design, apte \u00e0 vous envelopper de tout le charme que vous recherchez en vacances.<br \/>\nPapier peint d\u2019auteur, salle de bain flambant neuve avec zone douche spacieuse, tout est con\u00e7u pour vous choyer et rendre votre s\u00e9jour unique.<\/p>\n<p>Les tons beiges, gris et bleus aux finitions dor\u00e9es ou argent\u00e9es conf\u00e8rent \u00e0 chaque chambre une atmosph\u00e8re lumineuse et relaxante.<br \/>\nVisitez les chambres, chacune affiche sa singularit\u00e9 qui fait la diff\u00e9rence en fonction du s\u00e9jour que vous recherchez.<\/p>\n<p>Comment voyagez-vous ? Qui vous accompagne ? D\u00e9couvrez la chambre qui vous correspond le mieux !<\/p>\n","protected":false},"excerpt":{"rendered":"<p>Toutes les chambres du Romagna Suite Hotel offrent un d\u00e9cor raffin\u00e9 et design, apte \u00e0 vous envelopper de tout le charme que vous recherchez en vacances. Papier peint d\u2019auteur, salle de bain flambant neuve avec zone douche spacieuse, tout est con\u00e7u pour vous choyer et rendre votre s\u00e9jour unique. Les tons beiges, gris et bleus aux finitions dor\u00e9es ou argent\u00e9es conf\u00e8rent \u00e0 chaque chambre une atmosph\u00e8re lumineuse et relaxante. Visitez &#8230;<\/p>\n","protected":false},"author":1,"featured_media":2464,"parent":0,"menu_order":0,"comment_status":"closed","ping_status":"closed","template":"template\/template.camere.php","meta":{"_acf_changed":false},"class_list":["post-3098","page","type-page","status-publish","has-post-thumbnail","hentry"],"acf":[],"_links":{"self":[{"href":"https:\/\/www.romagnasuitehotel.it\/fr\/wp-json\/wp\/v2\/pages\/3098","targetHints":{"allow":["GET"]}}],"collection":[{"href":"https:\/\/www.romagnasuitehotel.it\/fr\/wp-json\/wp\/v2\/pages"}],"about":[{"href":"https:\/\/www.romagnasuitehotel.it\/fr\/wp-json\/wp\/v2\/types\/page"}],"author":[{"embeddable":true,"href":"https:\/\/www.romagnasuitehotel.it\/fr\/wp-json\/wp\/v2\/users\/1"}],"replies":[{"embeddable":true,"href":"https:\/\/www.romagnasuitehotel.it\/fr\/wp-json\/wp\/v2\/comments?post=3098"}],"version-history":[{"count":0,"href":"https:\/\/www.romagnasuitehotel.it\/fr\/wp-json\/wp\/v2\/pages\/3098\/revisions"}],"wp:featuredmedia":[{"embeddable":true,"href":"https:\/\/www.romagnasuitehotel.it\/fr\/wp-json\/wp\/v2\/media\/2464"}],"wp:attachment":[{"href":"https:\/\/www.romagnasuitehotel.it\/fr\/wp-json\/wp\/v2\/media?parent=3098"}],"curies":[{"name":"wp","href":"https:\/\/api.w.org\/{rel}","templated":true}]}}