{"id":3093,"date":"2018-08-30T10:09:57","date_gmt":"2018-08-30T08:09:57","guid":{"rendered":"https:\/\/www.romagnasuitehotel.it\/pagina-di-esempio\/"},"modified":"2026-02-18T11:01:14","modified_gmt":"2026-02-18T10:01:14","slug":"pagina-di-esempio","status":"publish","type":"page","link":"https:\/\/www.romagnasuitehotel.it\/fr\/","title":{"rendered":"R\u00c9NOV\u00c9, \u00c9L\u00c9GANT, ULTRA CONTEMPORAIN LE PREMIER HOTEL 4 \u00c9TOILES \u00c0 GATTEO MARE"},"content":{"rendered":"<p data-start=\"26\" data-end=\"206\">Au c\u0153ur de Gatteo Mare, \u00e0 quelques pas de la mer, na\u00eet un h\u00f4tel enti\u00e8rement nouveau, con\u00e7u pour ceux qui recherchent confort, design et une exp\u00e9rience gastronomique de haut niveau.<\/p>\n<p data-start=\"208\" data-end=\"365\">Des espaces modernes, soign\u00e9s dans les moindres d\u00e9tails, et l\u2019\u00e9l\u00e9gance d\u2019un v\u00e9ritable 4 \u00e9toiles, \u00e0 seulement 2 minutes \u00e0 pied de la plage et du centre-ville.<\/p>\n<hr \/>\n<p data-start=\"367\" data-end=\"412\"><strong><span style=\"color: #21b0b8;\">LE PLAISIR DE LA BONNE CUISINE, CHAQUE JOUR<\/span><\/strong><\/p>\n<p data-start=\"414\" data-end=\"630\">Notre fleuron est le restaurant, o\u00f9 la qualit\u00e9 rencontre la tradition romagnole : des ingr\u00e9dients s\u00e9lectionn\u00e9s, le respect des saisons et des plats pens\u00e9s pour surprendre, dans une atmosph\u00e8re raffin\u00e9e et chaleureuse.<\/p>\n<p data-start=\"632\" data-end=\"697\">Chaque moment \u00e0 table devient une partie int\u00e9grante des vacances.<\/p>\n<hr \/>\n<p data-start=\"699\" data-end=\"773\"><span style=\"color: #21b0b8;\"><strong>DES VACANCES DE HAUT NIVEAU, M\u00caME POUR CEUX QUI VOYAGENT AVEC LEUR CHIEN<\/strong><\/span><\/p>\n<p data-start=\"775\" data-end=\"817\">Ici, l\u2019hospitalit\u00e9 est vraiment pour tous.<\/p>\n<p data-start=\"819\" data-end=\"1035\">Nous sommes Pet Friendly et accueillons vos compagnons \u00e0 quatre pattes avec le m\u00eame soin que nous r\u00e9servons \u00e0 nos h\u00f4tes : des espaces confortables, des attentions d\u00e9di\u00e9es et la libert\u00e9 de vivre les vacances ensemble.<\/p>\n<hr \/>\n<p data-start=\"1037\" data-end=\"1088\"><span style=\"color: #21b0b8;\"><strong>VOTRE 4 \u00c9TOILES AU BORD DE LA MER, SANS COMPROMIS<\/strong><\/span><\/p>\n<p data-start=\"1090\" data-end=\"1221\" data-is-last-node=\"\" data-is-only-node=\"\">D\u00e9tente, mer, excellente cuisine et services exclusifs : tout ce qu\u2019il faut pour profiter pleinement de l\u2019\u00e9t\u00e9 romagnol, avec style.<\/p>\n","protected":false},"excerpt":{"rendered":"<p>Au c\u0153ur de Gatteo Mare, \u00e0 quelques pas de la mer, na\u00eet un h\u00f4tel enti\u00e8rement nouveau, con\u00e7u pour ceux qui recherchent confort, design et une exp\u00e9rience gastronomique de haut niveau. Des espaces modernes, soign\u00e9s dans les moindres d\u00e9tails, et l\u2019\u00e9l\u00e9gance d\u2019un v\u00e9ritable 4 \u00e9toiles, \u00e0 seulement 2 minutes \u00e0 pied de la plage et du centre-ville. LE PLAISIR DE LA BONNE CUISINE, CHAQUE JOUR Notre fleuron est le restaurant, o\u00f9 &#8230;<\/p>\n","protected":false},"author":1,"featured_media":0,"parent":0,"menu_order":0,"comment_status":"closed","ping_status":"open","template":"","meta":{"_acf_changed":false},"class_list":["post-3093","page","type-page","status-publish","hentry"],"acf":[],"_links":{"self":[{"href":"https:\/\/www.romagnasuitehotel.it\/fr\/wp-json\/wp\/v2\/pages\/3093","targetHints":{"allow":["GET"]}}],"collection":[{"href":"https:\/\/www.romagnasuitehotel.it\/fr\/wp-json\/wp\/v2\/pages"}],"about":[{"href":"https:\/\/www.romagnasuitehotel.it\/fr\/wp-json\/wp\/v2\/types\/page"}],"author":[{"embeddable":true,"href":"https:\/\/www.romagnasuitehotel.it\/fr\/wp-json\/wp\/v2\/users\/1"}],"replies":[{"embeddable":true,"href":"https:\/\/www.romagnasuitehotel.it\/fr\/wp-json\/wp\/v2\/comments?post=3093"}],"version-history":[{"count":0,"href":"https:\/\/www.romagnasuitehotel.it\/fr\/wp-json\/wp\/v2\/pages\/3093\/revisions"}],"wp:attachment":[{"href":"https:\/\/www.romagnasuitehotel.it\/fr\/wp-json\/wp\/v2\/media?parent=3093"}],"curies":[{"name":"wp","href":"https:\/\/api.w.org\/{rel}","templated":true}]}}