{"id":2242,"date":"2018-09-05T10:49:59","date_gmt":"2018-09-05T08:49:59","guid":{"rendered":"https:\/\/www.romagnasuitehotel.it\/dati-societari\/"},"modified":"2021-04-13T18:27:58","modified_gmt":"2021-04-13T16:27:58","slug":"donnees-sur-la-societe","status":"publish","type":"page","link":"https:\/\/www.romagnasuitehotel.it\/fr\/donnees-sur-la-societe\/","title":{"rendered":"Donn\u00e9es sur la soci\u00e9t\u00e9"},"content":{"rendered":"<p><strong>Donn\u00e9es sur la soci\u00e9t\u00e9\u00a0 Romagna Suite Hotel<\/strong><\/p>\n<p>D\u00e9nomination et raison sociale : Romagna Suite Hotel &#8211; Sora Delio &amp; C. S.n.c.<br \/>\nSi\u00e8ge l\u00e9gal : Viale delle Nazioni 114 47043 Gatteo a Mare, Forli-Cesena<br \/>\nBureau registre des entreprises : 01773230402<br \/>\nDate acte de constitution : 11\/03\/1986<br \/>\nDate inscription au registre des entreprises : 14\/04\/1986<br \/>\nCode d\u2019identification fiscale et n\u00b0 TVA : 01773230402<br \/>\nCourrier \u00e9lectronique certifi\u00e9 (PEC) : sora.delio@pec.it<br \/>\nNum\u00e9ro R\u00e9pertoire \u00e9conomique administratif (Rea) : FO-215006<\/p>\n","protected":false},"excerpt":{"rendered":"<p>Donn\u00e9es sur la soci\u00e9t\u00e9\u00a0 Romagna Suite Hotel D\u00e9nomination et raison sociale : Romagna Suite Hotel &#8211; Sora Delio &amp; C. S.n.c. Si\u00e8ge l\u00e9gal : Viale delle Nazioni 114 47043 Gatteo a Mare, Forli-Cesena Bureau registre des entreprises : 01773230402 Date acte de constitution : 11\/03\/1986 Date inscription au registre des entreprises : 14\/04\/1986 Code d\u2019identification fiscale et n\u00b0 TVA : 01773230402 Courrier \u00e9lectronique certifi\u00e9 (PEC) : sora.delio@pec.it Num\u00e9ro R\u00e9pertoire \u00e9conomique &#8230;<\/p>\n","protected":false},"author":1,"featured_media":0,"parent":0,"menu_order":0,"comment_status":"closed","ping_status":"closed","template":"","meta":{"_acf_changed":false},"class_list":["post-2242","page","type-page","status-publish","hentry"],"acf":[],"_links":{"self":[{"href":"https:\/\/www.romagnasuitehotel.it\/fr\/wp-json\/wp\/v2\/pages\/2242","targetHints":{"allow":["GET"]}}],"collection":[{"href":"https:\/\/www.romagnasuitehotel.it\/fr\/wp-json\/wp\/v2\/pages"}],"about":[{"href":"https:\/\/www.romagnasuitehotel.it\/fr\/wp-json\/wp\/v2\/types\/page"}],"author":[{"embeddable":true,"href":"https:\/\/www.romagnasuitehotel.it\/fr\/wp-json\/wp\/v2\/users\/1"}],"replies":[{"embeddable":true,"href":"https:\/\/www.romagnasuitehotel.it\/fr\/wp-json\/wp\/v2\/comments?post=2242"}],"version-history":[{"count":0,"href":"https:\/\/www.romagnasuitehotel.it\/fr\/wp-json\/wp\/v2\/pages\/2242\/revisions"}],"wp:attachment":[{"href":"https:\/\/www.romagnasuitehotel.it\/fr\/wp-json\/wp\/v2\/media?parent=2242"}],"curies":[{"name":"wp","href":"https:\/\/api.w.org\/{rel}","templated":true}]}}