{"id":12754,"date":"2026-02-18T10:43:55","date_gmt":"2026-02-18T09:43:55","guid":{"rendered":"https:\/\/www.romagnasuitehotel.it\/?page_id=12754"},"modified":"2026-02-18T11:00:06","modified_gmt":"2026-02-18T10:00:06","slug":"pet-friendly","status":"publish","type":"page","link":"https:\/\/www.romagnasuitehotel.it\/fr\/pet-friendly\/","title":{"rendered":"PET FRIENDLY"},"content":{"rendered":"<p data-start=\"98\" data-end=\"150\"><strong>Au Romagna Suite Hotel, votre chien est le bienvenu.<\/strong><\/p>\n<p data-start=\"152\" data-end=\"352\">Voyager avec votre chien est un choix d\u2019amour, et ici nous souhaitons le transformer en une exp\u00e9rience sans souci, o\u00f9 votre compagnon \u00e0 poils peut vivre les vacances avec vous, dans un confort absolu.<\/p>\n<p data-start=\"354\" data-end=\"592\">\u00c0 votre arriv\u00e9e, vous recevrez un <strong>kit de bienvenue personnalis\u00e9<\/strong>. Pendant tout votre s\u00e9jour, vous pourrez compter sur la pr\u00e9sence d\u2019un <strong>\u00e9ducateur canin qualifi\u00e9<\/strong>, disponible pour accompagner votre chien avec professionnalisme et sensibilit\u00e9.<\/p>\n<p data-start=\"594\" data-end=\"872\">Chaque jour, nous organisons des moments \u00e0 partager avec votre chien : promenades, activit\u00e9s \u00e9ducatives et instants de jeu, ainsi que des s\u00e9ances <strong>individuelles entre l\u2019\u00e9ducateur et le chien<\/strong>, afin de cr\u00e9er une exp\u00e9rience personnalis\u00e9e selon les besoins et le caract\u00e8re de chacun.<\/p>\n<p data-start=\"874\" data-end=\"1028\">Et lorsque le soir arrive, le plaisir continue avec des quiz et des activit\u00e9s \u00e0 vivre ensemble, pour renforcer votre lien et partager des moments uniques.<\/p>\n<p data-start=\"1030\" data-end=\"1279\">Notre salle \u00e0 manger propose un <strong>buffet<\/strong> sp\u00e9cialement con\u00e7u pour votre compagnon \u00e0 quatre pattes, avec une <strong>s\u00e9lection de viandes, de l\u00e9gumes bouillis et de riz<\/strong>, afin que vos amis \u00e0 poils puissent eux aussi savourer quelque chose de sp\u00e9cial \u00e0 vos c\u00f4t\u00e9s.<\/p>\n<p data-start=\"1281\" data-end=\"1488\" data-is-last-node=\"\" data-is-only-node=\"\">Chaque d\u00e9tail est pens\u00e9 pour garantir confort, d\u00e9tente et divertissement \u00e0 vous et \u00e0 votre animal, car au Romagna Suite Hotel, les vacances sont vraiment compl\u00e8tes \u2014 m\u00eame pour vos compagnons \u00e0 quatre pattes.<\/p>\n","protected":false},"excerpt":{"rendered":"<p>Au Romagna Suite Hotel, votre chien est le bienvenu. Voyager avec votre chien est un choix d\u2019amour, et ici nous souhaitons le transformer en une exp\u00e9rience sans souci, o\u00f9 votre compagnon \u00e0 poils peut vivre les vacances avec vous, dans un confort absolu. \u00c0 votre arriv\u00e9e, vous recevrez un kit de bienvenue personnalis\u00e9. Pendant tout votre s\u00e9jour, vous pourrez compter sur la pr\u00e9sence d\u2019un \u00e9ducateur canin qualifi\u00e9, disponible pour accompagner &#8230;<\/p>\n","protected":false},"author":4,"featured_media":12690,"parent":0,"menu_order":0,"comment_status":"closed","ping_status":"closed","template":"","meta":{"_acf_changed":false},"class_list":["post-12754","page","type-page","status-publish","has-post-thumbnail","hentry"],"acf":[],"_links":{"self":[{"href":"https:\/\/www.romagnasuitehotel.it\/fr\/wp-json\/wp\/v2\/pages\/12754","targetHints":{"allow":["GET"]}}],"collection":[{"href":"https:\/\/www.romagnasuitehotel.it\/fr\/wp-json\/wp\/v2\/pages"}],"about":[{"href":"https:\/\/www.romagnasuitehotel.it\/fr\/wp-json\/wp\/v2\/types\/page"}],"author":[{"embeddable":true,"href":"https:\/\/www.romagnasuitehotel.it\/fr\/wp-json\/wp\/v2\/users\/4"}],"replies":[{"embeddable":true,"href":"https:\/\/www.romagnasuitehotel.it\/fr\/wp-json\/wp\/v2\/comments?post=12754"}],"version-history":[{"count":0,"href":"https:\/\/www.romagnasuitehotel.it\/fr\/wp-json\/wp\/v2\/pages\/12754\/revisions"}],"wp:featuredmedia":[{"embeddable":true,"href":"https:\/\/www.romagnasuitehotel.it\/fr\/wp-json\/wp\/v2\/media\/12690"}],"wp:attachment":[{"href":"https:\/\/www.romagnasuitehotel.it\/fr\/wp-json\/wp\/v2\/media?parent=12754"}],"curies":[{"name":"wp","href":"https:\/\/api.w.org\/{rel}","templated":true}]}}