{"id":3187,"date":"2020-03-30T18:30:03","date_gmt":"2020-03-30T16:30:03","guid":{"rendered":"https:\/\/www.romagnasuitehotel.it\/gatteo-mare-e-dintorni\/"},"modified":"2022-08-22T15:06:43","modified_gmt":"2022-08-22T13:06:43","slug":"gatteo-mare-und-umgebung","status":"publish","type":"page","link":"https:\/\/www.romagnasuitehotel.it\/de\/gatteo-mare-und-umgebung\/","title":{"rendered":"GATTEO MARE UND UMGEBUNG"},"content":{"rendered":"<p><strong>Gatteo Mare liegt nur wenige Kilometer von Cesenatico und Rimini entfernt<\/strong> und bietet Ihnen die M\u00f6glichkeit, sich v\u00f6llig zu entspannen und gleichzeitig alle Sch\u00f6nheiten der Adriak\u00fcste zu erleben. Der Strand liegt nur einen Katzensprung entfernt, so dass Sie sich sowohl dem aktiven Leben als auch dem unbeschwerten Wohlbefinden hingeben k\u00f6nnen. Hier sind einige Vorschl\u00e4ge, um das Beste aus Ihrem Aufenthalt in der Romagna zu machen.<\/p>\n<h3>Vergn\u00fcgungsparks<\/h3>\n<p>Wenn Sie auf der Suche nach einer Idee sind, um einen verr\u00fcckten Tag mit den Kleinen zu verbringen, sind Freizeitparks genau das Richtige f\u00fcr Sie.<br \/>\n<strong>Oltremare und Aquafan in Riccione<\/strong> haben Wasser als Hauptmerkmal. Der erste enth\u00e4lt die faszinierende Delphinlagune, in der Shows und Unterhaltung stattfinden, der zweite ist ein gro\u00dfer Aquapark mit Rutschen und Pools.<br \/>\nDann gibt es noch das <strong>Aquarium von Cattolica<\/strong> mit wirklich interessanten Lehrpfaden, das den Bewohnern der Meereswelt und den Kreaturen der Ozeane gewidmet ist.<br \/>\n<strong>Fiabilandia <\/strong>in Rimini ist den Kleinsten und dem Zauber der M\u00e4rchen gewidmet.<strong><br \/>\nItalia in Miniatura<\/strong> stellt in verkleinertem Ma\u00dfstab alle Wunder unseres Landes f\u00fcr eine unglaubliche Reise wieder.<br \/>\nIn Lido di Savio schlie\u00dflich befindet sich <strong>Mirabilandia<\/strong>, der gr\u00f6\u00dfte Themenpark der Region mit adrenalingeladenen Attraktionen f\u00fcr jeden Geschmack.<\/p>\n<div id='gallery-1' class='gallery galleryid-3187 gallery-columns-3 gallery-size-gallery-thumb'><figure class='gallery-item'>\n\t\t\t<div class='gallery-icon landscape'>\n\t\t\t\t<a href='https:\/\/www.romagnasuitehotel.it\/wp-content\/uploads\/2020\/03\/parchi.jpg' data-size=\"900x600\"><img loading=\"lazy\" decoding=\"async\" width=\"450\" height=\"450\" src=\"https:\/\/www.romagnasuitehotel.it\/wp-content\/uploads\/2020\/03\/parchi-450x450.jpg\" class=\"attachment-gallery-thumb size-gallery-thumb\" alt=\"\" srcset=\"https:\/\/www.romagnasuitehotel.it\/wp-content\/uploads\/2020\/03\/parchi-450x450.jpg 450w, https:\/\/www.romagnasuitehotel.it\/wp-content\/uploads\/2020\/03\/parchi-150x150.jpg 150w, https:\/\/www.romagnasuitehotel.it\/wp-content\/uploads\/2020\/03\/parchi-300x300.jpg 300w, https:\/\/www.romagnasuitehotel.it\/wp-content\/uploads\/2020\/03\/parchi-290x290.jpg 290w, https:\/\/www.romagnasuitehotel.it\/wp-content\/uploads\/2020\/03\/parchi-600x600.jpg 600w\" sizes=\"auto, (max-width: 450px) 100vw, 450px\" \/><\/a>\n\t\t\t<\/div><\/figure><figure class='gallery-item'>\n\t\t\t<div class='gallery-icon landscape'>\n\t\t\t\t<a href='https:\/\/www.romagnasuitehotel.it\/wp-content\/uploads\/2020\/03\/italiainminiatura.jpg' data-size=\"900x600\"><img loading=\"lazy\" decoding=\"async\" width=\"450\" height=\"450\" src=\"https:\/\/www.romagnasuitehotel.it\/wp-content\/uploads\/2020\/03\/italiainminiatura-450x450.jpg\" class=\"attachment-gallery-thumb size-gallery-thumb\" alt=\"\" srcset=\"https:\/\/www.romagnasuitehotel.it\/wp-content\/uploads\/2020\/03\/italiainminiatura-450x450.jpg 450w, https:\/\/www.romagnasuitehotel.it\/wp-content\/uploads\/2020\/03\/italiainminiatura-150x150.jpg 150w, https:\/\/www.romagnasuitehotel.it\/wp-content\/uploads\/2020\/03\/italiainminiatura-300x300.jpg 300w, https:\/\/www.romagnasuitehotel.it\/wp-content\/uploads\/2020\/03\/italiainminiatura-290x290.jpg 290w, https:\/\/www.romagnasuitehotel.it\/wp-content\/uploads\/2020\/03\/italiainminiatura-600x600.jpg 600w\" sizes=\"auto, (max-width: 450px) 100vw, 450px\" \/><\/a>\n\t\t\t<\/div><\/figure><figure class='gallery-item'>\n\t\t\t<div class='gallery-icon landscape'>\n\t\t\t\t<a href='https:\/\/www.romagnasuitehotel.it\/wp-content\/uploads\/2020\/03\/parchi2.jpg' data-size=\"1000x664\"><img loading=\"lazy\" decoding=\"async\" width=\"450\" height=\"450\" src=\"https:\/\/www.romagnasuitehotel.it\/wp-content\/uploads\/2020\/03\/parchi2-450x450.jpg\" class=\"attachment-gallery-thumb size-gallery-thumb\" alt=\"\" srcset=\"https:\/\/www.romagnasuitehotel.it\/wp-content\/uploads\/2020\/03\/parchi2-450x450.jpg 450w, https:\/\/www.romagnasuitehotel.it\/wp-content\/uploads\/2020\/03\/parchi2-150x150.jpg 150w, https:\/\/www.romagnasuitehotel.it\/wp-content\/uploads\/2020\/03\/parchi2-300x300.jpg 300w, https:\/\/www.romagnasuitehotel.it\/wp-content\/uploads\/2020\/03\/parchi2-290x290.jpg 290w, https:\/\/www.romagnasuitehotel.it\/wp-content\/uploads\/2020\/03\/parchi2-600x600.jpg 600w\" sizes=\"auto, (max-width: 450px) 100vw, 450px\" \/><\/a>\n\t\t\t<\/div><\/figure>\n\t\t<\/div>\n\n<h3>Das Hinterland<\/h3>\n<p>Die wahre Exzellenz der Romagna sind ihre historischen Ortschaften. Es gibt viele D\u00f6rfer, die im Laufe der Zeit intakt geblieben sind, und jedes hat seine eigenen Legenden zu erz\u00e4hlen.<br \/>\n<strong>Ravenna<\/strong>, Stadt der Kunst, ist eine kostbare Perle der romanischen und byzantinischen Zeit. Mit arch\u00e4ologischen St\u00e4tten von gro\u00dfem Wert wie dem <strong>Mausoleum von Theoderich und der Basilika von\u00a0Sant\u2019Apollinare.<\/strong><br \/>\n<strong>Bertinoro<\/strong> ist ein mittelalterlicher Ort, der von den Malatesta beherrscht wurde, bis es in den Besitz des Kirchenstaates \u00fcberging. Er wird der &#8222;Balkon der Romagna&#8220; genannt, wegen der herrlichen Aussicht, die er von seinem Hauptplatz aus bietet<strong>. Santarcangelo di Romagna<\/strong>, der Geburtsort des Dichters <strong>Tonino Guerra<\/strong>, ist eine gro\u00dfe Ortschaft mit ihren noblen Pal\u00e4sten und charakteristischen Gassen, die den Rhythmus und den Zusammenhalt des d\u00f6rflichen Lebens bewahrt hat.<\/p>\n<p><strong>San Marino<\/strong>, ein mittelalterlicher Ort mit seinen zinnenbewehrten Mauern auf dem Gipfel des Monte Titano, ist ein kleiner unabh\u00e4ngiger Stadtstaat, der das Vorrecht hat, die \u00e4lteste Republik der Welt zu sein.<\/p>\n<p>Und wie k\u00f6nnen wir das sch\u00f6ne <strong>Rimini<\/strong> nicht erw\u00e4hnen? Genau wie die Romagna hat diese Stadt viele verschiedene Nuancen: der <strong>Augustusbogen<\/strong> und die <strong>Tiberiusbr\u00fccke<\/strong> zeugen von ihrer r\u00f6mischen Pracht, der <strong>Malatesta-Tempel<\/strong> und die <strong>Festung<\/strong> beschreiben das Mittelalter und die Renaissance und schlie\u00dflich kann <strong>San Giuliano<\/strong> mit seinen bemalten W\u00e4nden nicht anders, als an das Leben des Regisseurs <strong>Federico Fellini<\/strong> zu erinnern, der in dieser Stadt geboren wurde.<\/p>\n<p>&nbsp;<\/p>\n<div id='gallery-2' class='gallery galleryid-3187 gallery-columns-3 gallery-size-gallery-thumb'><figure class='gallery-item'>\n\t\t\t<div class='gallery-icon landscape'>\n\t\t\t\t<a href='https:\/\/www.romagnasuitehotel.it\/wp-content\/uploads\/2020\/03\/sanmarino.jpg' data-size=\"1152x654\"><img loading=\"lazy\" decoding=\"async\" width=\"450\" height=\"450\" src=\"https:\/\/www.romagnasuitehotel.it\/wp-content\/uploads\/2020\/03\/sanmarino-450x450.jpg\" class=\"attachment-gallery-thumb size-gallery-thumb\" alt=\"\" srcset=\"https:\/\/www.romagnasuitehotel.it\/wp-content\/uploads\/2020\/03\/sanmarino-450x450.jpg 450w, https:\/\/www.romagnasuitehotel.it\/wp-content\/uploads\/2020\/03\/sanmarino-150x150.jpg 150w, https:\/\/www.romagnasuitehotel.it\/wp-content\/uploads\/2020\/03\/sanmarino-300x300.jpg 300w, https:\/\/www.romagnasuitehotel.it\/wp-content\/uploads\/2020\/03\/sanmarino-290x290.jpg 290w, https:\/\/www.romagnasuitehotel.it\/wp-content\/uploads\/2020\/03\/sanmarino-600x600.jpg 600w\" sizes=\"auto, (max-width: 450px) 100vw, 450px\" \/><\/a>\n\t\t\t<\/div><\/figure><figure class='gallery-item'>\n\t\t\t<div class='gallery-icon landscape'>\n\t\t\t\t<a href='https:\/\/www.romagnasuitehotel.it\/wp-content\/uploads\/2020\/03\/santarcangelo.jpg' data-size=\"1022x682\"><img loading=\"lazy\" decoding=\"async\" width=\"450\" height=\"450\" src=\"https:\/\/www.romagnasuitehotel.it\/wp-content\/uploads\/2020\/03\/santarcangelo-450x450.jpg\" class=\"attachment-gallery-thumb size-gallery-thumb\" alt=\"\" srcset=\"https:\/\/www.romagnasuitehotel.it\/wp-content\/uploads\/2020\/03\/santarcangelo-450x450.jpg 450w, https:\/\/www.romagnasuitehotel.it\/wp-content\/uploads\/2020\/03\/santarcangelo-150x150.jpg 150w, https:\/\/www.romagnasuitehotel.it\/wp-content\/uploads\/2020\/03\/santarcangelo-300x300.jpg 300w, https:\/\/www.romagnasuitehotel.it\/wp-content\/uploads\/2020\/03\/santarcangelo-290x290.jpg 290w, https:\/\/www.romagnasuitehotel.it\/wp-content\/uploads\/2020\/03\/santarcangelo-600x600.jpg 600w\" sizes=\"auto, (max-width: 450px) 100vw, 450px\" \/><\/a>\n\t\t\t<\/div><\/figure><figure class='gallery-item'>\n\t\t\t<div class='gallery-icon landscape'>\n\t\t\t\t<a href='https:\/\/www.romagnasuitehotel.it\/wp-content\/uploads\/2020\/03\/gradara.jpg' data-size=\"1000x667\"><img loading=\"lazy\" decoding=\"async\" width=\"450\" height=\"450\" src=\"https:\/\/www.romagnasuitehotel.it\/wp-content\/uploads\/2020\/03\/gradara-450x450.jpg\" class=\"attachment-gallery-thumb size-gallery-thumb\" alt=\"\" srcset=\"https:\/\/www.romagnasuitehotel.it\/wp-content\/uploads\/2020\/03\/gradara-450x450.jpg 450w, https:\/\/www.romagnasuitehotel.it\/wp-content\/uploads\/2020\/03\/gradara-150x150.jpg 150w, https:\/\/www.romagnasuitehotel.it\/wp-content\/uploads\/2020\/03\/gradara-300x300.jpg 300w, https:\/\/www.romagnasuitehotel.it\/wp-content\/uploads\/2020\/03\/gradara-290x290.jpg 290w, https:\/\/www.romagnasuitehotel.it\/wp-content\/uploads\/2020\/03\/gradara-600x600.jpg 600w\" sizes=\"auto, (max-width: 450px) 100vw, 450px\" \/><\/a>\n\t\t\t<\/div><\/figure>\n\t\t<\/div>\n\n","protected":false},"excerpt":{"rendered":"<p>Gatteo Mare liegt nur wenige Kilometer von Cesenatico und Rimini entfernt und bietet Ihnen die M\u00f6glichkeit, sich v\u00f6llig zu entspannen und gleichzeitig alle Sch\u00f6nheiten der Adriak\u00fcste zu erleben. Der Strand liegt nur einen Katzensprung entfernt, so dass Sie sich sowohl dem aktiven Leben als auch dem unbeschwerten Wohlbefinden hingeben k\u00f6nnen. Hier sind einige Vorschl\u00e4ge, um das Beste aus Ihrem Aufenthalt in der Romagna zu machen. Vergn\u00fcgungsparks Wenn Sie auf der &#8230;<\/p>\n","protected":false},"author":1,"featured_media":0,"parent":0,"menu_order":0,"comment_status":"closed","ping_status":"closed","template":"","meta":{"_acf_changed":false},"class_list":["post-3187","page","type-page","status-publish","hentry"],"acf":[],"_links":{"self":[{"href":"https:\/\/www.romagnasuitehotel.it\/de\/wp-json\/wp\/v2\/pages\/3187","targetHints":{"allow":["GET"]}}],"collection":[{"href":"https:\/\/www.romagnasuitehotel.it\/de\/wp-json\/wp\/v2\/pages"}],"about":[{"href":"https:\/\/www.romagnasuitehotel.it\/de\/wp-json\/wp\/v2\/types\/page"}],"author":[{"embeddable":true,"href":"https:\/\/www.romagnasuitehotel.it\/de\/wp-json\/wp\/v2\/users\/1"}],"replies":[{"embeddable":true,"href":"https:\/\/www.romagnasuitehotel.it\/de\/wp-json\/wp\/v2\/comments?post=3187"}],"version-history":[{"count":0,"href":"https:\/\/www.romagnasuitehotel.it\/de\/wp-json\/wp\/v2\/pages\/3187\/revisions"}],"wp:attachment":[{"href":"https:\/\/www.romagnasuitehotel.it\/de\/wp-json\/wp\/v2\/media?parent=3187"}],"curies":[{"name":"wp","href":"https:\/\/api.w.org\/{rel}","templated":true}]}}