{"id":3158,"date":"2020-04-15T11:43:42","date_gmt":"2020-04-15T09:43:42","guid":{"rendered":"https:\/\/www.romagnasuitehotel.it\/soggiorni-di-lavoro\/"},"modified":"2026-02-18T11:40:27","modified_gmt":"2026-02-18T10:40:27","slug":"geschaeftsaufenthalte","status":"publish","type":"page","link":"https:\/\/www.romagnasuitehotel.it\/de\/geschaeftsaufenthalte\/","title":{"rendered":"BUSINESS-AUFENTHALTE"},"content":{"rendered":"<p data-start=\"3459\" data-end=\"3708\">Nur wenige Minuten vom Messegel\u00e4nde Rimini und einen Schritt vom Meer entfernt bieten wir spezielle Tarife f\u00fcr Unternehmen und Freiberufler \u2013 mit Komfort, Sicherheit und allen Services, die Sie ben\u00f6tigen, um auch fern vom B\u00fcro effizient zu arbeiten.<\/p>\n<p data-start=\"3710\" data-end=\"3973\">Unsere modernen Zimmer mit Smart-Home-Technologie bieten eine ruhige und funktionale Umgebung. Highspeed-WLAN mit Glasfaser sorgt f\u00fcr unterbrechungsfreies Arbeiten im Homeoffice, w\u00e4hrend die Romagna Lounge Bar der perfekte Ort ist, um in den Pausen zu entspannen.<\/p>\n<h3 data-start=\"3975\" data-end=\"4017\">Einige Services f\u00fcr Gesch\u00e4ftsreisende:<\/h3>\n<ul data-start=\"4019\" data-end=\"4343\">\n<li data-start=\"4019\" data-end=\"4080\">\n<p data-start=\"4021\" data-end=\"4080\">Moderne und komfortable Zimmer mit Smart-Home-Technologie<\/p>\n<\/li>\n<li data-start=\"4081\" data-end=\"4145\">\n<p data-start=\"4083\" data-end=\"4145\">Romagna Lounge Bar mit Cocktails, Bier und regionalen Weinen<\/p>\n<\/li>\n<li data-start=\"4146\" data-end=\"4176\">\n<p data-start=\"4148\" data-end=\"4176\">Kostenloses Highspeed-WLAN<\/p>\n<\/li>\n<li data-start=\"4177\" data-end=\"4201\">\n<p data-start=\"4179\" data-end=\"4201\">Kostenlose Citybikes<\/p>\n<\/li>\n<li data-start=\"4202\" data-end=\"4343\">\n<p data-start=\"4204\" data-end=\"4343\">Privater, eingez\u00e4unter und video\u00fcberwachter Parkplatz mit Wallbox-Ladestation f\u00fcr Elektroautos; alternativ Parkpl\u00e4tze in 200 m Entfernung<\/p>\n<\/li>\n<\/ul>\n","protected":false},"excerpt":{"rendered":"<p>Nur wenige Minuten vom Messegel\u00e4nde Rimini und einen Schritt vom Meer entfernt bieten wir spezielle Tarife f\u00fcr Unternehmen und Freiberufler \u2013 mit Komfort, Sicherheit und allen Services, die Sie ben\u00f6tigen, um auch fern vom B\u00fcro effizient zu arbeiten. Unsere modernen Zimmer mit Smart-Home-Technologie bieten eine ruhige und funktionale Umgebung. Highspeed-WLAN mit Glasfaser sorgt f\u00fcr unterbrechungsfreies Arbeiten im Homeoffice, w\u00e4hrend die Romagna Lounge Bar der perfekte Ort ist, um in den &#8230;<\/p>\n","protected":false},"author":1,"featured_media":0,"parent":0,"menu_order":0,"comment_status":"closed","ping_status":"closed","template":"","meta":{"_acf_changed":false},"class_list":["post-3158","page","type-page","status-publish","hentry"],"acf":[],"_links":{"self":[{"href":"https:\/\/www.romagnasuitehotel.it\/de\/wp-json\/wp\/v2\/pages\/3158","targetHints":{"allow":["GET"]}}],"collection":[{"href":"https:\/\/www.romagnasuitehotel.it\/de\/wp-json\/wp\/v2\/pages"}],"about":[{"href":"https:\/\/www.romagnasuitehotel.it\/de\/wp-json\/wp\/v2\/types\/page"}],"author":[{"embeddable":true,"href":"https:\/\/www.romagnasuitehotel.it\/de\/wp-json\/wp\/v2\/users\/1"}],"replies":[{"embeddable":true,"href":"https:\/\/www.romagnasuitehotel.it\/de\/wp-json\/wp\/v2\/comments?post=3158"}],"version-history":[{"count":0,"href":"https:\/\/www.romagnasuitehotel.it\/de\/wp-json\/wp\/v2\/pages\/3158\/revisions"}],"wp:attachment":[{"href":"https:\/\/www.romagnasuitehotel.it\/de\/wp-json\/wp\/v2\/media?parent=3158"}],"curies":[{"name":"wp","href":"https:\/\/api.w.org\/{rel}","templated":true}]}}