{"id":3147,"date":"2020-03-19T12:19:40","date_gmt":"2020-03-19T11:19:40","guid":{"rendered":"https:\/\/www.romagnasuitehotel.it\/servizi\/"},"modified":"2026-02-18T11:55:17","modified_gmt":"2026-02-18T10:55:17","slug":"service","status":"publish","type":"page","link":"https:\/\/www.romagnasuitehotel.it\/de\/service\/","title":{"rendered":"UNSERE SERVICELEISTUNGEN"},"content":{"rendered":"<p data-start=\"97\" data-end=\"329\"><span style=\"color: #1ba696;\"><strong data-start=\"97\" data-end=\"110\">Parkplatz<\/strong><\/span><br data-start=\"110\" data-end=\"113\" \/>Das Romagna Suite Hotel verf\u00fcgt \u00fcber 14 kostenpflichtige Parkpl\u00e4tze direkt am Haus sowie \u00fcber weitere Stellpl\u00e4tze in etwa 200 Metern Entfernung, um Ihnen auch in Zeiten hoher Auslastung eine bequeme L\u00f6sung zu bieten.<\/p>\n<hr \/>\n<p data-start=\"331\" data-end=\"785\"><span style=\"color: #1ba696;\"><strong data-start=\"331\" data-end=\"353\">Haustierfreundlich<\/strong><\/span><br data-start=\"353\" data-end=\"356\" \/>Im Romagna Suite Hotel ist auch Ihr Hund herzlich willkommen. Mit dem Hund zu reisen ist eine Entscheidung aus Liebe, und wir bieten Ihnen einen ma\u00dfgeschneiderten Urlaub, den Sie mit Ihrem vierbeinigen Freund teilen k\u00f6nnen \u2013 mit besonderen Aufmerksamkeiten f\u00fcr einen rundum entspannten Aufenthalt.<br data-start=\"653\" data-end=\"656\" \/>In unserem Hotel steht zudem ein qualifizierter Hundetrainer zur Verf\u00fcgung, der unsere G\u00e4ste w\u00e4hrend ihres Aufenthalts begleitet.<\/p>\n<hr \/>\n<p data-start=\"787\" data-end=\"1084\"><span style=\"color: #1ba696;\"><strong data-start=\"787\" data-end=\"827\">Sommerabende, unvergessliche Momente<\/strong><\/span><br data-start=\"827\" data-end=\"830\" \/>Wenn die Sonne untergeht, erwachen im Romagna Suite die Emotionen. Es gibt viele Gelegenheiten, gemeinsam Zeit zu verbringen, in der richtigen Atmosph\u00e4re \u2013 mit warmen Bomboloni unter dem Sternenhimmel, Aperitifs bei Sonnenuntergang und viel Unterhaltung.<\/p>\n<hr \/>\n<p data-start=\"1086\" data-end=\"1395\"><span style=\"color: #1ba696;\"><strong data-start=\"1086\" data-end=\"1122\">Schwingen Sie sich in den Sattel<\/strong><\/span><br data-start=\"1122\" data-end=\"1125\" \/>F\u00fcr alle, die im Urlaub das Auto stehen lassen m\u00f6chten, stellen wir kostenlose Citybikes zur Verf\u00fcgung. Mit einer angenehmen Radtour von etwa 10 Minuten erreichen Sie den Porto Canale von Cesenatico \u2013 ideal f\u00fcr Spazierg\u00e4nge und entspannte Momente an der Strandpromenade.<\/p>\n<hr \/>\n<p data-start=\"1397\" data-end=\"1661\"><span style=\"color: #1ba696;\"><strong data-start=\"1397\" data-end=\"1424\">Unser gr\u00fcnes Engagement<\/strong><\/span><br data-start=\"1424\" data-end=\"1427\" \/>Im Romagna Suite Hotel setzen wir uns f\u00fcr die Reduzierung der Umweltbelastung ein, indem wir erneuerbare Energien nutzen: Photovoltaik-Solaranlagen und eine Ladestation f\u00fcr Elektroautos sorgen f\u00fcr komfortables und nachhaltiges Reisen.<\/p>\n<hr \/>\n<p data-start=\"1663\" data-end=\"1854\"><span style=\"color: #1ba696;\"><strong data-start=\"1663\" data-end=\"1680\">W\u00e4scheservice<\/strong><\/span><br data-start=\"1680\" data-end=\"1683\" \/>Reisen Sie mit leichtem Gep\u00e4ck \u2026 dank unseres Waschraums mit M\u00fcnz-Waschmaschine, Trockner sowie B\u00fcgelbrett und B\u00fcgeleisen haben Sie jederzeit frische und saubere Kleidung!<\/p>\n<hr \/>\n<p data-start=\"1856\" data-end=\"2406\"><span style=\"color: #1ba696;\"><strong data-start=\"1856\" data-end=\"1875\">Makellose R\u00e4ume<\/strong><\/span><br data-start=\"1875\" data-end=\"1878\" \/>Ordnung und Hygiene haben f\u00fcr uns h\u00f6chste Priorit\u00e4t. Ihr Zimmer ist nicht nur ein Ort zum Schlafen, sondern ein echter Wohlf\u00fchlraum.<br data-start=\"2010\" data-end=\"2013\" \/>Die Zimmer werden zweimal t\u00e4glich gereinigt und kontrolliert: morgens, um Sie optimal auf den Tag vorzubereiten, und abends w\u00e4hrend Sie beim Abendessen sind, sodass Sie bei Ihrer R\u00fcckkehr alles perfekt vorfinden.<br data-start=\"2225\" data-end=\"2228\" \/>Jeder Bereich wird mit gro\u00dfer Sorgfalt gepflegt, mit dezenten D\u00fcften und durchdachten Details, die Ihren Aufenthalt zu jeder Tageszeit einladend, entspannend und angenehm machen.<\/p>\n<hr \/>\n<p data-start=\"2408\" data-end=\"2557\" data-is-last-node=\"\" data-is-only-node=\"\"><span style=\"color: #1ba696;\"><strong data-start=\"2408\" data-end=\"2427\">WLAN-Verbindung<\/strong><\/span><br data-start=\"2427\" data-end=\"2430\" \/>Alle Bereiche des Romagna Suite Hotels sind mit High-Speed-WLAN ausgestattet, damit Sie auch im Urlaub stets verbunden bleiben.<\/p>\n","protected":false},"excerpt":{"rendered":"<p>ParkplatzDas Romagna Suite Hotel verf\u00fcgt \u00fcber 14 kostenpflichtige Parkpl\u00e4tze direkt am Haus sowie \u00fcber weitere Stellpl\u00e4tze in etwa 200 Metern Entfernung, um Ihnen auch in Zeiten hoher Auslastung eine bequeme L\u00f6sung zu bieten. HaustierfreundlichIm Romagna Suite Hotel ist auch Ihr Hund herzlich willkommen. Mit dem Hund zu reisen ist eine Entscheidung aus Liebe, und wir bieten Ihnen einen ma\u00dfgeschneiderten Urlaub, den Sie mit Ihrem vierbeinigen Freund teilen k\u00f6nnen \u2013 mit &#8230;<\/p>\n","protected":false},"author":1,"featured_media":2363,"parent":0,"menu_order":0,"comment_status":"closed","ping_status":"closed","template":"","meta":{"_acf_changed":false},"class_list":["post-3147","page","type-page","status-publish","has-post-thumbnail","hentry"],"acf":[],"_links":{"self":[{"href":"https:\/\/www.romagnasuitehotel.it\/de\/wp-json\/wp\/v2\/pages\/3147","targetHints":{"allow":["GET"]}}],"collection":[{"href":"https:\/\/www.romagnasuitehotel.it\/de\/wp-json\/wp\/v2\/pages"}],"about":[{"href":"https:\/\/www.romagnasuitehotel.it\/de\/wp-json\/wp\/v2\/types\/page"}],"author":[{"embeddable":true,"href":"https:\/\/www.romagnasuitehotel.it\/de\/wp-json\/wp\/v2\/users\/1"}],"replies":[{"embeddable":true,"href":"https:\/\/www.romagnasuitehotel.it\/de\/wp-json\/wp\/v2\/comments?post=3147"}],"version-history":[{"count":0,"href":"https:\/\/www.romagnasuitehotel.it\/de\/wp-json\/wp\/v2\/pages\/3147\/revisions"}],"wp:featuredmedia":[{"embeddable":true,"href":"https:\/\/www.romagnasuitehotel.it\/de\/wp-json\/wp\/v2\/media\/2363"}],"wp:attachment":[{"href":"https:\/\/www.romagnasuitehotel.it\/de\/wp-json\/wp\/v2\/media?parent=3147"}],"curies":[{"name":"wp","href":"https:\/\/api.w.org\/{rel}","templated":true}]}}