{"id":3130,"date":"2019-09-30T14:12:31","date_gmt":"2019-09-30T12:12:31","guid":{"rendered":"https:\/\/www.romagnasuitehotel.it\/la-colazione\/"},"modified":"2026-02-18T11:46:30","modified_gmt":"2026-02-18T10:46:30","slug":"restaurant","status":"publish","type":"page","link":"https:\/\/www.romagnasuitehotel.it\/de\/restaurant\/","title":{"rendered":"UNSER RESTAURANT"},"content":{"rendered":"<p data-start=\"4465\" data-end=\"4628\">Der Tag beginnt mit einem sorgf\u00e4ltig zubereiteten <strong>Fr\u00fchst\u00fcck von 7:30 bis 10:00<\/strong> Uhr im hellen Speisesaal \u2013 mit einer gro\u00dfen Auswahl an s\u00fc\u00dfen und herzhaften Speisen.<\/p>\n<p data-start=\"4630\" data-end=\"4743\"><strong>Mittagessen von 12:00 bis 14:00<\/strong> Uhr mit schmackhaften, authentischen Gerichten \u2013 ideal f\u00fcr eine entspannte Pause.<\/p>\n<p data-start=\"4745\" data-end=\"4844\"><strong>Abendessen von 19:00 bis 21:00<\/strong> Uhr mit raffinierten Aromen und traditionell inspirierten Gerichten.<\/p>\n<p data-start=\"4846\" data-end=\"4981\">Fr\u00fchst\u00fcck, Mittag- und Abendessen begleiten Ihren Aufenthalt im Rahmen der Vollpension \u2013 die K\u00fcche wird so zum Herzst\u00fcck Ihres Urlaubs.<\/p>\n<p data-start=\"4983\" data-end=\"5099\">Frische, hochwertige Zutaten, Liebe zum Detail und sorgf\u00e4ltige Zubereitung machen jedes Gericht zu etwas Besonderem.<\/p>\n","protected":false},"excerpt":{"rendered":"<p>Der Tag beginnt mit einem sorgf\u00e4ltig zubereiteten Fr\u00fchst\u00fcck von 7:30 bis 10:00 Uhr im hellen Speisesaal \u2013 mit einer gro\u00dfen Auswahl an s\u00fc\u00dfen und herzhaften Speisen. Mittagessen von 12:00 bis 14:00 Uhr mit schmackhaften, authentischen Gerichten \u2013 ideal f\u00fcr eine entspannte Pause. Abendessen von 19:00 bis 21:00 Uhr mit raffinierten Aromen und traditionell inspirierten Gerichten. Fr\u00fchst\u00fcck, Mittag- und Abendessen begleiten Ihren Aufenthalt im Rahmen der Vollpension \u2013 die K\u00fcche wird &#8230;<\/p>\n","protected":false},"author":1,"featured_media":2461,"parent":0,"menu_order":0,"comment_status":"closed","ping_status":"closed","template":"","meta":{"_acf_changed":false},"class_list":["post-3130","page","type-page","status-publish","has-post-thumbnail","hentry"],"acf":[],"_links":{"self":[{"href":"https:\/\/www.romagnasuitehotel.it\/de\/wp-json\/wp\/v2\/pages\/3130","targetHints":{"allow":["GET"]}}],"collection":[{"href":"https:\/\/www.romagnasuitehotel.it\/de\/wp-json\/wp\/v2\/pages"}],"about":[{"href":"https:\/\/www.romagnasuitehotel.it\/de\/wp-json\/wp\/v2\/types\/page"}],"author":[{"embeddable":true,"href":"https:\/\/www.romagnasuitehotel.it\/de\/wp-json\/wp\/v2\/users\/1"}],"replies":[{"embeddable":true,"href":"https:\/\/www.romagnasuitehotel.it\/de\/wp-json\/wp\/v2\/comments?post=3130"}],"version-history":[{"count":0,"href":"https:\/\/www.romagnasuitehotel.it\/de\/wp-json\/wp\/v2\/pages\/3130\/revisions"}],"wp:featuredmedia":[{"embeddable":true,"href":"https:\/\/www.romagnasuitehotel.it\/de\/wp-json\/wp\/v2\/media\/2461"}],"wp:attachment":[{"href":"https:\/\/www.romagnasuitehotel.it\/de\/wp-json\/wp\/v2\/media?parent=3130"}],"curies":[{"name":"wp","href":"https:\/\/api.w.org\/{rel}","templated":true}]}}