{"id":3099,"date":"2017-12-11T10:18:14","date_gmt":"2017-12-11T09:18:14","guid":{"rendered":"https:\/\/www.romagnasuitehotel.it\/camere\/"},"modified":"2021-04-13T18:19:22","modified_gmt":"2021-04-13T16:19:22","slug":"zimmer","status":"publish","type":"page","link":"https:\/\/www.romagnasuitehotel.it\/de\/zimmer\/","title":{"rendered":"BRANDNEUE ZIMMER"},"content":{"rendered":"<p>Alle Zimmer des Romagna Suite Hotels sind das Ergebnis eines raffinierten und wertvollen Designs, geeignet, um Sie mit all dem Charme zu umh\u00fcllen, den Sie im Urlaub suchen.<br \/>\nDie Designertapeten, das neue Bad mit einem gro\u00dfen Duschbereich: alles ist detailliert ausgearbeitet, damit Sie sich wohlf\u00fchlen.<\/p>\n<p>Jedes Ambiente folgt einer Farbpalette mit entspannenden Nuancen: von Beiget\u00f6nen \u00fcber Graut\u00f6ne bis hin zu Blaut\u00f6nen, mit goldenen oder silbernen Verzierungen, die echte Lichtakzente setzen.<br \/>\nBetreten Sie jeden Typ und entdecken Sie die Qualit\u00e4ten: jedes Zimmer hat Eigenschaften, die einen Unterschied machen, basierend auf dem Aufenthalt, den Sie suchen.<\/p>\n<p><strong>Wie reisen Sie? Mit wem reisen Sie? Finden Sie heraus, welches Zimmer das richtige f\u00fcr Sie ist!<\/strong><\/p>\n","protected":false},"excerpt":{"rendered":"<p>Alle Zimmer des Romagna Suite Hotels sind das Ergebnis eines raffinierten und wertvollen Designs, geeignet, um Sie mit all dem Charme zu umh\u00fcllen, den Sie im Urlaub suchen. Die Designertapeten, das neue Bad mit einem gro\u00dfen Duschbereich: alles ist detailliert ausgearbeitet, damit Sie sich wohlf\u00fchlen. Jedes Ambiente folgt einer Farbpalette mit entspannenden Nuancen: von Beiget\u00f6nen \u00fcber Graut\u00f6ne bis hin zu Blaut\u00f6nen, mit goldenen oder silbernen Verzierungen, die echte Lichtakzente setzen. &#8230;<\/p>\n","protected":false},"author":1,"featured_media":2465,"parent":0,"menu_order":0,"comment_status":"closed","ping_status":"closed","template":"template\/template.camere.php","meta":{"_acf_changed":false},"class_list":["post-3099","page","type-page","status-publish","has-post-thumbnail","hentry"],"acf":[],"_links":{"self":[{"href":"https:\/\/www.romagnasuitehotel.it\/de\/wp-json\/wp\/v2\/pages\/3099","targetHints":{"allow":["GET"]}}],"collection":[{"href":"https:\/\/www.romagnasuitehotel.it\/de\/wp-json\/wp\/v2\/pages"}],"about":[{"href":"https:\/\/www.romagnasuitehotel.it\/de\/wp-json\/wp\/v2\/types\/page"}],"author":[{"embeddable":true,"href":"https:\/\/www.romagnasuitehotel.it\/de\/wp-json\/wp\/v2\/users\/1"}],"replies":[{"embeddable":true,"href":"https:\/\/www.romagnasuitehotel.it\/de\/wp-json\/wp\/v2\/comments?post=3099"}],"version-history":[{"count":0,"href":"https:\/\/www.romagnasuitehotel.it\/de\/wp-json\/wp\/v2\/pages\/3099\/revisions"}],"wp:featuredmedia":[{"embeddable":true,"href":"https:\/\/www.romagnasuitehotel.it\/de\/wp-json\/wp\/v2\/media\/2465"}],"wp:attachment":[{"href":"https:\/\/www.romagnasuitehotel.it\/de\/wp-json\/wp\/v2\/media?parent=3099"}],"curies":[{"name":"wp","href":"https:\/\/api.w.org\/{rel}","templated":true}]}}