{"id":3094,"date":"2018-08-30T10:09:57","date_gmt":"2018-08-30T08:09:57","guid":{"rendered":"https:\/\/www.romagnasuitehotel.it\/pagina-di-esempio\/"},"modified":"2026-02-18T11:59:09","modified_gmt":"2026-02-18T10:59:09","slug":"pagina-di-esempio","status":"publish","type":"page","link":"https:\/\/www.romagnasuitehotel.it\/de\/","title":{"rendered":"NEU, ELEGANT, ULTRA-ZEITGEN\u00d6SSISCH DAS ERSTE 4-STERNE-HOTEL IN GATTEO MARE"},"content":{"rendered":"<p data-start=\"92\" data-end=\"295\">Im Herzen von Gatteo Mare, nur wenige Schritte vom Meer entfernt, entsteht ein komplett neues Hotel \u2013 konzipiert f\u00fcr alle, die Komfort, Design und ein gastronomisches Erlebnis auf h\u00f6chstem Niveau suchen.<\/p>\n<p data-start=\"297\" data-end=\"450\">Moderne R\u00e4ume, bis ins kleinste Detail gepflegt, und die Eleganz eines echten 4-Sterne-Hotels \u2013 nur 2 Gehminuten vom Strand und vom Ortszentrum entfernt.<\/p>\n<hr data-start=\"452\" data-end=\"455\" \/>\n<h2 data-start=\"457\" data-end=\"496\"><strong><span style=\"color: #1c9da6;\">DER GENUSS GUTER K\u00dcCHE \u2013 JEDEN TAG<\/span><\/strong><\/h2>\n<p data-start=\"498\" data-end=\"705\">Unser Aush\u00e4ngeschild ist das Restaurant, in dem Qualit\u00e4t auf die romagnolische Tradition trifft: ausgew\u00e4hlte Zutaten, Saisonalit\u00e4t und Gerichte, die \u00fcberraschen \u2013 in einem eleganten und einladenden Ambiente.<\/p>\n<p data-start=\"707\" data-end=\"776\">Jeder Moment am Tisch wird zu einem festen Bestandteil Ihres Urlaubs.<\/p>\n<hr data-start=\"778\" data-end=\"781\" \/>\n<h2 data-start=\"783\" data-end=\"827\"><strong><span style=\"color: #1c9da6;\">URLAUB AUF HOHEM NIVEAU \u2013 AUCH MIT HUND<\/span><\/strong><\/h2>\n<p data-start=\"829\" data-end=\"876\">Hier ist Gastfreundschaft wirklich f\u00fcr alle da.<\/p>\n<p data-start=\"878\" data-end=\"1084\">Wir sind pet friendly und hei\u00dfen Ihre vierbeinigen Freunde mit derselben Sorgfalt willkommen wie unsere G\u00e4ste: komfortable R\u00e4ume, besondere Aufmerksamkeit und die Freiheit, den Urlaub gemeinsam zu genie\u00dfen.<\/p>\n<hr data-start=\"1086\" data-end=\"1089\" \/>\n<h2 data-start=\"1091\" data-end=\"1141\"><strong><span style=\"color: #1c9da6;\">IHR 4-STERNE-HOTEL AM MEER \u2013 OHNE KOMPROMISSE<\/span><\/strong><\/h2>\n<p data-start=\"1143\" data-end=\"1282\">Entspannung, Meer, ausgezeichnete K\u00fcche und exklusive Services: alles, was Sie brauchen, um den Sommer in der Romagna stilvoll zu genie\u00dfen.<\/p>\n","protected":false},"excerpt":{"rendered":"<p>Im Herzen von Gatteo Mare, nur wenige Schritte vom Meer entfernt, entsteht ein komplett neues Hotel \u2013 konzipiert f\u00fcr alle, die Komfort, Design und ein gastronomisches Erlebnis auf h\u00f6chstem Niveau suchen. Moderne R\u00e4ume, bis ins kleinste Detail gepflegt, und die Eleganz eines echten 4-Sterne-Hotels \u2013 nur 2 Gehminuten vom Strand und vom Ortszentrum entfernt. DER GENUSS GUTER K\u00dcCHE \u2013 JEDEN TAG Unser Aush\u00e4ngeschild ist das Restaurant, in dem Qualit\u00e4t auf &#8230;<\/p>\n","protected":false},"author":1,"featured_media":0,"parent":0,"menu_order":0,"comment_status":"closed","ping_status":"open","template":"","meta":{"_acf_changed":false},"class_list":["post-3094","page","type-page","status-publish","hentry"],"acf":[],"_links":{"self":[{"href":"https:\/\/www.romagnasuitehotel.it\/de\/wp-json\/wp\/v2\/pages\/3094","targetHints":{"allow":["GET"]}}],"collection":[{"href":"https:\/\/www.romagnasuitehotel.it\/de\/wp-json\/wp\/v2\/pages"}],"about":[{"href":"https:\/\/www.romagnasuitehotel.it\/de\/wp-json\/wp\/v2\/types\/page"}],"author":[{"embeddable":true,"href":"https:\/\/www.romagnasuitehotel.it\/de\/wp-json\/wp\/v2\/users\/1"}],"replies":[{"embeddable":true,"href":"https:\/\/www.romagnasuitehotel.it\/de\/wp-json\/wp\/v2\/comments?post=3094"}],"version-history":[{"count":0,"href":"https:\/\/www.romagnasuitehotel.it\/de\/wp-json\/wp\/v2\/pages\/3094\/revisions"}],"wp:attachment":[{"href":"https:\/\/www.romagnasuitehotel.it\/de\/wp-json\/wp\/v2\/media?parent=3094"}],"curies":[{"name":"wp","href":"https:\/\/api.w.org\/{rel}","templated":true}]}}