{"id":12766,"date":"2026-02-18T11:31:18","date_gmt":"2026-02-18T10:31:18","guid":{"rendered":"https:\/\/www.romagnasuitehotel.it\/?page_id=12766"},"modified":"2026-02-18T11:31:18","modified_gmt":"2026-02-18T10:31:18","slug":"pet-friendly","status":"publish","type":"page","link":"https:\/\/www.romagnasuitehotel.it\/de\/pet-friendly\/","title":{"rendered":"PET FRIENDLY"},"content":{"rendered":"<p data-start=\"1380\" data-end=\"1436\"><strong>Im Romagna Suite Hotel ist Ihr Hund herzlich willkommen.<\/strong><\/p>\n<p data-start=\"1438\" data-end=\"1644\">Mit dem Hund zu reisen ist eine Entscheidung aus Liebe \u2013 und wir m\u00f6chten daraus eine sorgenfreie Erfahrung machen, bei der Ihr pelziger Freund den Urlaub gemeinsam mit Ihnen in vollem Komfort genie\u00dfen kann.<\/p>\n<p data-start=\"1646\" data-end=\"1869\">Bei Ihrer Ankunft erhalten Sie ein <strong>personalisiertes Willkommensset<\/strong>. W\u00e4hrend Ihres gesamten Aufenthalts steht Ihnen au\u00dferdem <strong>ein qualifizierter Hundetrainer<\/strong> zur Verf\u00fcgung, der Ihren Hund professionell und einf\u00fchlsam betreut.<\/p>\n<p data-start=\"1871\" data-end=\"2136\">Jeden Tag organisieren wir gemeinsame Aktivit\u00e4ten wie Spazierg\u00e4nge, Trainingseinheiten und Spielmomente <strong>sowie individuelle Treffen zwischen Trainer und Hund<\/strong>, um ein ma\u00dfgeschneidertes Erlebnis entsprechend den Bed\u00fcrfnissen und dem Charakter jedes Hundes zu schaffen.<\/p>\n<p data-start=\"2138\" data-end=\"2276\">Und am Abend geht der Spa\u00df weiter \u2013 mit Quizrunden und gemeinsamen Aktivit\u00e4ten, um die Bindung zu st\u00e4rken und besondere Momente zu teilen.<\/p>\n<p data-start=\"2278\" data-end=\"2485\">Unser Speisesaal bietet ein speziell f\u00fcr Ihren Vierbeiner zusammengestelltes <strong>Buffet mit einer Auswahl an Fleisch, gekochtem Gem\u00fcse und Reis<\/strong>, damit auch Ihre pelzigen Freunde etwas Besonderes genie\u00dfen k\u00f6nnen.<\/p>\n<p data-start=\"2487\" data-end=\"2691\">Jedes Detail ist darauf ausgerichtet, Komfort, Entspannung und Freude f\u00fcr Sie und Ihr Tier zu garantieren \u2013 denn im Romagna Suite Hotel ist der Urlaub auch f\u00fcr Ihre vierbeinigen Freunde wirklich komplett.<\/p>\n","protected":false},"excerpt":{"rendered":"<p>Im Romagna Suite Hotel ist Ihr Hund herzlich willkommen. Mit dem Hund zu reisen ist eine Entscheidung aus Liebe \u2013 und wir m\u00f6chten daraus eine sorgenfreie Erfahrung machen, bei der Ihr pelziger Freund den Urlaub gemeinsam mit Ihnen in vollem Komfort genie\u00dfen kann. Bei Ihrer Ankunft erhalten Sie ein personalisiertes Willkommensset. W\u00e4hrend Ihres gesamten Aufenthalts steht Ihnen au\u00dferdem ein qualifizierter Hundetrainer zur Verf\u00fcgung, der Ihren Hund professionell und einf\u00fchlsam betreut. &#8230;<\/p>\n","protected":false},"author":4,"featured_media":12691,"parent":0,"menu_order":0,"comment_status":"closed","ping_status":"open","template":"","meta":{"_acf_changed":false},"class_list":["post-12766","page","type-page","status-publish","has-post-thumbnail","hentry"],"acf":[],"_links":{"self":[{"href":"https:\/\/www.romagnasuitehotel.it\/de\/wp-json\/wp\/v2\/pages\/12766","targetHints":{"allow":["GET"]}}],"collection":[{"href":"https:\/\/www.romagnasuitehotel.it\/de\/wp-json\/wp\/v2\/pages"}],"about":[{"href":"https:\/\/www.romagnasuitehotel.it\/de\/wp-json\/wp\/v2\/types\/page"}],"author":[{"embeddable":true,"href":"https:\/\/www.romagnasuitehotel.it\/de\/wp-json\/wp\/v2\/users\/4"}],"replies":[{"embeddable":true,"href":"https:\/\/www.romagnasuitehotel.it\/de\/wp-json\/wp\/v2\/comments?post=12766"}],"version-history":[{"count":0,"href":"https:\/\/www.romagnasuitehotel.it\/de\/wp-json\/wp\/v2\/pages\/12766\/revisions"}],"wp:featuredmedia":[{"embeddable":true,"href":"https:\/\/www.romagnasuitehotel.it\/de\/wp-json\/wp\/v2\/media\/12691"}],"wp:attachment":[{"href":"https:\/\/www.romagnasuitehotel.it\/de\/wp-json\/wp\/v2\/media?parent=12766"}],"curies":[{"name":"wp","href":"https:\/\/api.w.org\/{rel}","templated":true}]}}